{"id":41349,"date":"2018-07-12T19:47:06","date_gmt":"2018-07-12T18:47:06","guid":{"rendered":"http:\/\/www.rockonwall.com\/our-friends\/"},"modified":"2018-07-12T19:47:06","modified_gmt":"2018-07-12T18:47:06","slug":"our-friends","status":"publish","type":"page","link":"https:\/\/www.rockonwall.com\/en\/our-friends\/","title":{"rendered":"Our friends"},"content":{"rendered":"[spb_text_block pb_margin_bottom=&#8221;no&#8221; pb_border_bottom=&#8221;no&#8221; width=&#8221;1\/4&#8243; el_position=&#8221;first&#8221;]\n<h3 style=\"text-align: center;\"><span style=\"color: #e01e10;\">Vinyls Collection<\/span><\/h3>\n<p style=\"text-align: center;\">Un site tr\u00e8s fonctionnel pour g\u00e9rer sa collection de disques vinyles mais aussi rechercher, \u00e9changer, vendre, discuter&#8230;<\/p>\n<p style=\"text-align: center;\"><a class=\"read-more\" href=\"https:\/\/www.vinyls-collection.com\" target=\"_blank\" rel=\"noopener\">Voir le site<\/a><\/p>\n[\/spb_text_block] [spb_text_block pb_margin_bottom=&#8221;no&#8221; pb_border_bottom=&#8221;no&#8221; width=&#8221;1\/4&#8243;]\n<h3 style=\"text-align: center;\"><span style=\"color: #e01e10;\">Loud Vinyl Art<\/span><\/h3>\n<p style=\"text-align: center;\">Une vision artistique du disque vinyle et ses pochettes (mais aussi livres, affiches, vid\u00e9os) dont Rock on Wall se sent tr\u00e8s proche.<\/p>\n<p style=\"text-align: center;\"><a href=\"https:\/\/www.loudvinylart.com\" target=\"_blank\" rel=\"noopener\">Voir le site<\/a><\/p>\n[\/spb_text_block] [spb_text_block pb_margin_bottom=&#8221;no&#8221; pb_border_bottom=&#8221;no&#8221; width=&#8221;1\/4&#8243;]\n<h3 style=\"text-align: center;\"><span style=\"color: #e01e10;\">Vinyle Actu<\/span><\/h3>\n<p style=\"text-align: center;\">L&#8217;actualit\u00e9 subjective du disque vinyle en fonction de l&#8217;humeur de Guillaume, le webmaster.<\/p>\n<p style=\"text-align: center;\"><a class=\"read-more\" href=\"https:\/\/www.vinyle-actu.fr\" target=\"_blank\" rel=\"noopener\">Voir le site<\/a><\/p>\n[\/spb_text_block] [spb_text_block pb_margin_bottom=&#8221;no&#8221; pb_border_bottom=&#8221;no&#8221; width=&#8221;1\/4&#8243; el_position=&#8221;last&#8221;]\n<h3 style=\"text-align: center;\"><\/h3>\n<h3 style=\"text-align: center;\"><span style=\"color: #e01e10;\">Les tr\u00e9sors du Dr. Vinylo<\/span><\/h3>\n<p style=\"text-align: center;\">Blog iconoclaste pr\u00e9sentant Ernest Vinylo, pseudo-inventeur du disque vinyle, et les tr\u00e9sors qu&#8217;il a patiemment amass\u00e9s et comment\u00e9s sa vie durant.<\/p>\n<p style=\"text-align: center;\"><a class=\"read-more\" href=\"https:\/\/blogs.qobuz.com\/docteurvinylo\/\" target=\"_blank\" rel=\"noopener\">Voir le site<\/a><\/p>\n[\/spb_text_block] [spb_text_block pb_margin_bottom=&#8221;no&#8221; pb_border_bottom=&#8221;no&#8221; width=&#8221;1\/4&#8243; el_position=&#8221;first&#8221;]\n<h3 style=\"text-align: center;\"><span style=\"color: #e01e10;\">Dust &amp; Grooves<\/span><\/h3>\n<p style=\"text-align: center;\">L&#8217;extraordinaire blog d&#8217;Eilon Paz, le photographe qui chasse les collectionneurs de disques vinyles dans le monde entier.<\/p>\n<p style=\"text-align: center;\"><a class=\"read-more\" href=\"https:\/\/www.dustandgrooves.com\" target=\"_blank\" rel=\"noopener\">Voir le site<\/a><\/p>\n[\/spb_text_block] [spb_text_block pb_margin_bottom=&#8221;no&#8221; pb_border_bottom=&#8221;no&#8221; width=&#8221;1\/4&#8243;]\n<h3 style=\"text-align: center;\"><span style=\"color: #e01e10;\">The knock off project<\/span><\/h3>\n<p style=\"text-align: center;\">Un site \u00e9tonnant qui traque les pochettes de disques vinyles copi\u00e9es ou parodi\u00e9es, par hommage ou co\u00efncidence.<\/p>\n<p style=\"text-align: center;\"><a class=\"read-more\" href=\"https:\/\/www.knockoffproject.com\/index.html\" target=\"_blank\" rel=\"noopener\">Voir le site<\/a><\/p>\n[\/spb_text_block] [spb_text_block pb_margin_bottom=&#8221;no&#8221; pb_border_bottom=&#8221;no&#8221; width=&#8221;1\/4&#8243;]\n<h3 style=\"text-align: center;\"><span style=\"color: #e01e10;\">LP Cover Lover<\/span><\/h3>\n<p style=\"text-align: center;\">Voici une collection impressionnante de pochettes de l&#8217;\u00e2ge d&#8217;or du disque vinyle, class\u00e9e en pas moins de 144 cat\u00e9gories, parmi lesquelles : Bongos &amp; Bagel, Chicks with Guitars, Funny Faces, Legs, &#8230;<\/p>\n<p style=\"text-align: center;\"><a class=\"read-more\" href=\"https:\/\/lpcoverlover.com\" target=\"_blank\" rel=\"noopener\">Voir le site<\/a><\/p>\n[\/spb_text_block] [spb_text_block pb_margin_bottom=&#8221;no&#8221; pb_border_bottom=&#8221;no&#8221; width=&#8221;1\/4&#8243; el_position=&#8221;last&#8221;]\n<h3 style=\"text-align: center;\"><span style=\"color: #e01e10;\">Sleeve Design<\/span><\/h3>\n<p style=\"text-align: center;\">Compilation de pochettes de disques vinyles aux similitudess \u00e9tonnantes, Sleeve Design vaut surtout par son excellente section &#8220;Liens \u00bb.<\/p>\n<p style=\"text-align: center;\"><a class=\"read-more\" href=\"https:\/\/sleevedesign.blogspot.fr\" target=\"_blank\" rel=\"noopener\">Voir le site<\/a><\/p>\n[\/spb_text_block] [spb_text_block pb_margin_bottom=&#8221;no&#8221; pb_border_bottom=&#8221;no&#8221; width=&#8221;1\/4&#8243; el_position=&#8221;first&#8221;]\n<h3 style=\"text-align: center;\"><span style=\"color: #e01e10;\">Sleeve\u00a0Face<\/span><\/h3>\n<p style=\"text-align: center;\">Mode d&#8217;emploi : une ou plusieurs personnes masquant ou prolongeant une partie de leur corps avec une pochette de disque vinyle, provoquant une illusion d&#8217;optique.<\/p>\n<p style=\"text-align: center;\"><a class=\"read-more\" href=\"https:\/\/www.sleeveface.com\" target=\"_blank\" rel=\"noopener\">Voir le site<\/a><\/p>\n[\/spb_text_block] [spb_text_block pb_margin_bottom=&#8221;no&#8221; pb_border_bottom=&#8221;no&#8221; width=&#8221;1\/4&#8243;]\n<h3 style=\"text-align: center;\"><span style=\"color: #e01e10;\">Vintage Sounds<\/span><\/h3>\n<p style=\"text-align: center;\">LE forum des mordus de disque vinyle !<\/p>\n<p style=\"text-align: center;\"><a class=\"read-more\" href=\"https:\/\/vintagesounds.forumactif.com\" target=\"_blank\" rel=\"noopener\">Voir le site<\/a><\/p>\n[\/spb_text_block] [spb_text_block pb_margin_bottom=&#8221;no&#8221; pb_border_bottom=&#8221;no&#8221; width=&#8221;1\/4&#8243;]\n<h3 style=\"text-align: center;\"><span style=\"color: #e01e10;\">Vinyles Passion<\/span><\/h3>\n<p style=\"text-align: center;\">Un tumblr compilant des centaines d&#8217;images mettant en sc\u00e8ne notre objet favori. La section &#8220;Archives&#8221; est une v\u00e9ritable mine d&#8217;or !<\/p>\n<p style=\"text-align: center;\"><a class=\"read-more\" href=\"https:\/\/vinylespassion.tumblr.com\" target=\"_blank\" rel=\"noopener\">Voir le site<\/a><\/p>\n[\/spb_text_block] [spb_text_block pb_margin_bottom=&#8221;no&#8221; pb_border_bottom=&#8221;no&#8221; width=&#8221;1\/4&#8243; el_position=&#8221;last&#8221;]\n<h3 style=\"text-align: center;\"><span style=\"color: #e01e10;\">Neoprisme<\/span><\/h3>\n<p style=\"text-align: center;\">Voici un webzine qui vise \u00e0 redonner \u00e0 la pochette de disque vinyle le statut qu&#8217;elle m\u00e9rite : celui d&#8217;une v\u00e9ritable \u0153uvre d&#8217;art.<\/p>\n<p style=\"text-align: center;\"><a class=\"read-more\" href=\"https:\/\/neoprisme.com\" target=\"_blank\" rel=\"noopener\">Voir le site<\/a><\/p>\n[\/spb_text_block]\n","protected":false},"excerpt":{"rendered":"<p>[spb_text_block pb_margin_bottom=&#8221;no&#8221; pb_border_bottom=&#8221;no&#8221; width=&#8221;1\/4&#8243; el_position=&#8221;first&#8221;] Vinyls Collection Un site tr\u00e8s fonctionnel pour g\u00e9rer sa collection de disques vinyles mais aussi rechercher, \u00e9changer, vendre, discuter&#8230; Voir le site [\/spb_text_block] [spb_text_block pb_margin_bottom=&#8221;no&#8221; pb_border_bottom=&#8221;no&#8221; width=&#8221;1\/4&#8243;] Loud Vinyl Art Une vision artistique du disque vinyle et ses pochettes (mais aussi livres, affiches, vid\u00e9os) dont Rock on Wall se sent tr\u00e8s proche. Voir le site [&hellip;]<\/p>\n","protected":false},"author":1,"featured_media":0,"parent":0,"menu_order":0,"comment_status":"open","ping_status":"closed","template":"","meta":{"_acf_changed":false,"content-type":"","footnotes":""},"class_list":["post-41349","page","type-page","status-publish","hentry"],"acf":[],"_links":{"self":[{"href":"https:\/\/www.rockonwall.com\/en\/wp-json\/wp\/v2\/pages\/41349","targetHints":{"allow":["GET"]}}],"collection":[{"href":"https:\/\/www.rockonwall.com\/en\/wp-json\/wp\/v2\/pages"}],"about":[{"href":"https:\/\/www.rockonwall.com\/en\/wp-json\/wp\/v2\/types\/page"}],"author":[{"embeddable":true,"href":"https:\/\/www.rockonwall.com\/en\/wp-json\/wp\/v2\/users\/1"}],"replies":[{"embeddable":true,"href":"https:\/\/www.rockonwall.com\/en\/wp-json\/wp\/v2\/comments?post=41349"}],"version-history":[{"count":0,"href":"https:\/\/www.rockonwall.com\/en\/wp-json\/wp\/v2\/pages\/41349\/revisions"}],"wp:attachment":[{"href":"https:\/\/www.rockonwall.com\/en\/wp-json\/wp\/v2\/media?parent=41349"}],"curies":[{"name":"wp","href":"https:\/\/api.w.org\/{rel}","templated":true}]}}