{"id":39010,"date":"2018-01-18T08:53:36","date_gmt":"2018-01-18T07:53:36","guid":{"rendered":"http:\/\/www.rockonwall.com\/product\/uncategorized\/francis-lai-edith-et-marcel\/"},"modified":"2022-08-01T10:56:42","modified_gmt":"2022-08-01T09:56:42","slug":"francis-lai-edith-et-marcel","status":"publish","type":"product","link":"https:\/\/www.rockonwall.com\/en\/product\/non-classifiee\/francis-lai-edith-et-marcel\/","title":{"rendered":"Edith et Marcel"},"content":{"rendered":"<p style=\"text-align: justify;\">Disque vinyle d\u2019occasion de\u00a0<b>Francis Lai &#8211; Edith Et Marcel<\/b>, s\u00e9lectionn\u00e9 avec passion aux six coins de l\u2019hexagone, contr\u00f4l\u00e9 visuellement et nettoy\u00e9 en profondeur \u00e0 l\u2019aide du\u00a0<a href=\"https:\/\/www.rockonwall.com\/fr\/produit\/accessoires-vinyles\/entretien-vinyle\/kit-de-nettoyage\/\" target=\"_blank\" rel=\"noopener noreferrer\">kit de nettoyage<\/a>\u00a0Rock on Wall (photo non contractuelle). La pochette int\u00e9rieure est\u00a0contr\u00f4l\u00e9e, r\u00e9nov\u00e9e ou chang\u00e9e quand n\u00e9cessaire.\u00a0La pochette ext\u00e9rieure est r\u00e9nov\u00e9e si n\u00e9cessaire et nettoy\u00e9e autant que possible des \u00e9tiquettes prix ou promotionnelles.\u00a0Chaque disque vinyle est livr\u00e9 sous pochette de protection.\u00a0N\u2019h\u00e9sitez pas \u00e0 consulter notre page\u00a0<a href=\"https:\/\/www.rockonwall.com\/en\/grading-guide\/\" target=\"_blank\" rel=\"noopener noreferrer\">Cotation<\/a>\u00a0pour en savoir plus sur l\u2019\u00e9tat de chaque disque vinyle et de sa pochette.<\/p>\n","protected":false},"excerpt":{"rendered":"<h2><span style=\"color: #e01e10;\">Francis Lai &#8211; Edith Et Marcel<\/span><\/h2>\n","protected":false},"featured_media":0,"template":"","meta":{"_acf_changed":false,"content-type":""},"product_brand":[],"product_cat":[1930],"product_tag":[],"class_list":{"0":"post-39010","1":"product","2":"type-product","3":"status-publish","5":"product_cat-non-classifiee","7":"first","8":"instock","9":"taxable","10":"shipping-taxable","11":"product-type-simple"},"acf":[],"_links":{"self":[{"href":"https:\/\/www.rockonwall.com\/en\/wp-json\/wp\/v2\/product\/39010","targetHints":{"allow":["GET"]}}],"collection":[{"href":"https:\/\/www.rockonwall.com\/en\/wp-json\/wp\/v2\/product"}],"about":[{"href":"https:\/\/www.rockonwall.com\/en\/wp-json\/wp\/v2\/types\/product"}],"wp:attachment":[{"href":"https:\/\/www.rockonwall.com\/en\/wp-json\/wp\/v2\/media?parent=39010"}],"wp:term":[{"taxonomy":"product_brand","embeddable":true,"href":"https:\/\/www.rockonwall.com\/en\/wp-json\/wp\/v2\/product_brand?post=39010"},{"taxonomy":"product_cat","embeddable":true,"href":"https:\/\/www.rockonwall.com\/en\/wp-json\/wp\/v2\/product_cat?post=39010"},{"taxonomy":"product_tag","embeddable":true,"href":"https:\/\/www.rockonwall.com\/en\/wp-json\/wp\/v2\/product_tag?post=39010"}],"curies":[{"name":"wp","href":"https:\/\/api.w.org\/{rel}","templated":true}]}}