{"id":39672,"date":"2017-03-14T18:01:53","date_gmt":"2017-03-14T17:01:53","guid":{"rendered":"http:\/\/www.rockonwall.com\/product\/uncategorized\/pochette-papier-33t-doublee-x10\/"},"modified":"2024-11-21T11:46:44","modified_gmt":"2024-11-21T10:46:44","slug":"pochette-papier-33t-doublee-x10","status":"publish","type":"product","link":"https:\/\/www.rockonwall.com\/en\/product\/vinyl-protection\/pochette-papier-33t-doublee-x10\/","title":{"rendered":"Sous-pochette papier doubl\u00e9e pour disque vinyle 33T &#8211; lot de 10 &#8211; Film\u00e9es"},"content":{"rendered":"<p style=\"text-align: justify;\">Lot de 10\u00a0<strong>sous-pochettes papier doubl\u00e9es pour disque vinyle 33T<\/strong>\u00a0avec d\u00e9coupe centrale et coins sup\u00e9rieurs arrondis, id\u00e9ales\u00a0pour une protection totale\u00a0de votre collection de\u00a0<strong>disques vinyles\u00a033T<\/strong>\u00a0ou de vos derniers achats d\u2019occasion.<\/p>\n","protected":false},"excerpt":{"rendered":"<p>Lot de 10\u00a0sous-pochettes papier doubl\u00e9es pour disque vinyle 33T\u00a0avec d\u00e9coupe centrale et coins sup\u00e9rieurs arrondis, id\u00e9ales\u00a0pour une protection totale\u00a0de votre collection de\u00a0disques vinyles\u00a033T\u00a0ou de vos derniers achats d\u2019occasion.<\/p>\n","protected":false},"featured_media":49218,"template":"","meta":{"_acf_changed":false,"content-type":""},"product_brand":[],"product_cat":[1381],"product_tag":[],"class_list":{"0":"post-39672","1":"product","2":"type-product","3":"status-publish","4":"has-post-thumbnail","6":"product_cat-vinyl-protection","8":"first","9":"instock","10":"taxable","11":"shipping-taxable","12":"purchasable","13":"product-type-simple"},"acf":[],"_links":{"self":[{"href":"https:\/\/www.rockonwall.com\/en\/wp-json\/wp\/v2\/product\/39672","targetHints":{"allow":["GET"]}}],"collection":[{"href":"https:\/\/www.rockonwall.com\/en\/wp-json\/wp\/v2\/product"}],"about":[{"href":"https:\/\/www.rockonwall.com\/en\/wp-json\/wp\/v2\/types\/product"}],"wp:featuredmedia":[{"embeddable":true,"href":"https:\/\/www.rockonwall.com\/en\/wp-json\/wp\/v2\/media\/49218"}],"wp:attachment":[{"href":"https:\/\/www.rockonwall.com\/en\/wp-json\/wp\/v2\/media?parent=39672"}],"wp:term":[{"taxonomy":"product_brand","embeddable":true,"href":"https:\/\/www.rockonwall.com\/en\/wp-json\/wp\/v2\/product_brand?post=39672"},{"taxonomy":"product_cat","embeddable":true,"href":"https:\/\/www.rockonwall.com\/en\/wp-json\/wp\/v2\/product_cat?post=39672"},{"taxonomy":"product_tag","embeddable":true,"href":"https:\/\/www.rockonwall.com\/en\/wp-json\/wp\/v2\/product_tag?post=39672"}],"curies":[{"name":"wp","href":"https:\/\/api.w.org\/{rel}","templated":true}]}}