{"id":41026,"date":"2015-10-02T08:28:07","date_gmt":"2015-10-02T07:28:07","guid":{"rendered":"http:\/\/www.rockonwall.com\/product\/uncategorized\/flight-case-25-lp-rouge\/"},"modified":"2026-02-02T12:21:23","modified_gmt":"2026-02-02T11:21:23","slug":"flight-case-25-lp-rouge","status":"publish","type":"product","link":"https:\/\/www.rockonwall.com\/en\/product\/vinyl-accessories\/vinyl-storing\/flight-case-25-lp-rouge\/","title":{"rendered":"Flight Case pour disques vinyles 25 33T  \u2013 Rouge"},"content":{"rendered":"<p style=\"text-align: justify;\">Mallette de transport haute qualit\u00e9 en aluminium \u00e0 fermeture frontale pour le transport et le stockage en toute s\u00e9curit\u00e9 d&#8217;une trentaine de <strong>disques vinyles<\/strong>\u00a033T. Dot\u00e9e d&#8217;une poign\u00e9e de transport en ABS, de pieds en caoutchouc, d&#8217;une mousse interne \u00e0 m\u00e9moire de forme et d&#8217;une fermeture cadenassable, la flight case Rock on Wall est aussi solide que l\u00e9g\u00e8re et vous pouvez lui confier vos\u00a0<strong>disques vinyles<\/strong>\u00a0les plus pr\u00e9cieux sans la moindre crainte.<\/p>\n","protected":false},"excerpt":{"rendered":"<p>Mallette de transport haute qualit\u00e9 en aluminium \u00e0 fermeture frontale pour le transport et le stockage en toute s\u00e9curit\u00e9 d&#8217;une trentaine de disques vinyles\u00a033T. Dot\u00e9e d&#8217;une poign\u00e9e de transport en ABS, de pieds en caoutchouc, d&#8217;une mousse interne \u00e0 m\u00e9moire de forme et d&#8217;une fermeture cadenassable, la flight case Rock on Wall est aussi solide que l\u00e9g\u00e8re et vous pouvez [&hellip;]<\/p>\n","protected":false},"featured_media":22367,"template":"","meta":{"_acf_changed":false,"content-type":""},"product_brand":[],"product_cat":[1383],"product_tag":[],"class_list":{"0":"post-41026","1":"product","2":"type-product","3":"status-publish","4":"has-post-thumbnail","6":"product_cat-vinyl-storing","7":"pa_hauteur-375-cm-en","8":"pa_largeur-345-cm-en","10":"first","11":"instock","12":"taxable","13":"shipping-taxable","14":"purchasable","15":"product-type-simple"},"acf":[],"_links":{"self":[{"href":"https:\/\/www.rockonwall.com\/en\/wp-json\/wp\/v2\/product\/41026","targetHints":{"allow":["GET"]}}],"collection":[{"href":"https:\/\/www.rockonwall.com\/en\/wp-json\/wp\/v2\/product"}],"about":[{"href":"https:\/\/www.rockonwall.com\/en\/wp-json\/wp\/v2\/types\/product"}],"wp:featuredmedia":[{"embeddable":true,"href":"https:\/\/www.rockonwall.com\/en\/wp-json\/wp\/v2\/media\/22367"}],"wp:attachment":[{"href":"https:\/\/www.rockonwall.com\/en\/wp-json\/wp\/v2\/media?parent=41026"}],"wp:term":[{"taxonomy":"product_brand","embeddable":true,"href":"https:\/\/www.rockonwall.com\/en\/wp-json\/wp\/v2\/product_brand?post=41026"},{"taxonomy":"product_cat","embeddable":true,"href":"https:\/\/www.rockonwall.com\/en\/wp-json\/wp\/v2\/product_cat?post=41026"},{"taxonomy":"product_tag","embeddable":true,"href":"https:\/\/www.rockonwall.com\/en\/wp-json\/wp\/v2\/product_tag?post=41026"}],"curies":[{"name":"wp","href":"https:\/\/api.w.org\/{rel}","templated":true}]}}