{"id":42609,"date":"2019-04-18T15:16:53","date_gmt":"2019-04-18T14:16:53","guid":{"rendered":"https:\/\/www.rockonwall.com\/?post_type=product&#038;p=42609"},"modified":"2026-01-05T19:46:54","modified_gmt":"2026-01-05T18:46:54","slug":"flight-case-33t-en-cuir","status":"publish","type":"product","link":"https:\/\/www.rockonwall.com\/en\/product\/vinyl-accessories\/vinyl-storing\/flight-case-33t-en-cuir\/","title":{"rendered":"Flight Case disques vinyles 33T en cuir"},"content":{"rendered":"<p>Ce flight case pouvant contenir environ 35 vinyles 33T propose une finition cuir \u00e0 l&#8217;ext\u00e9rieur et un velours rouge \u00e0 l&#8217;int\u00e9rieur pour un effet &#8220;\u00e0 l&#8217;ancienne&#8221; tr\u00e8s r\u00e9ussi. Un de ses principaux atouts est d&#8217;\u00eatre tr\u00e8s rigide donc la partie sup\u00e9rieure ne risque pas de se plier sous le poids des disques comme cela arrive souvent sur les mod\u00e8les vintage. La taille de la poign\u00e9e est \u00e9tudi\u00e9e pour un maniement confortable.<\/p>\n","protected":false},"excerpt":{"rendered":"<p>Ce flight case pouvant contenir environ 35 vinyles 33T propose une finition cuir \u00e0 l&#8217;ext\u00e9rieur et un velours rouge \u00e0 l&#8217;int\u00e9rieur pour un effet &#8220;\u00e0 l&#8217;ancienne&#8221; tr\u00e8s r\u00e9ussi. Un de ses principaux atouts est d&#8217;\u00eatre tr\u00e8s rigide donc la partie sup\u00e9rieure ne risque pas de se plier sous le poids des disques comme cela arrive souvent sur les mod\u00e8les vintage. [&hellip;]<\/p>\n","protected":false},"featured_media":42611,"template":"","meta":{"_acf_changed":false,"content-type":""},"product_brand":[],"product_cat":[1383],"product_tag":[],"class_list":{"0":"post-42609","1":"product","2":"type-product","3":"status-publish","4":"has-post-thumbnail","6":"product_cat-vinyl-storing","7":"pa_hauteur-40cm-en","8":"pa_largeur-2050cm-en","10":"first","11":"outofstock","12":"sale","13":"taxable","14":"shipping-taxable","15":"purchasable","16":"product-type-simple"},"acf":[],"_links":{"self":[{"href":"https:\/\/www.rockonwall.com\/en\/wp-json\/wp\/v2\/product\/42609","targetHints":{"allow":["GET"]}}],"collection":[{"href":"https:\/\/www.rockonwall.com\/en\/wp-json\/wp\/v2\/product"}],"about":[{"href":"https:\/\/www.rockonwall.com\/en\/wp-json\/wp\/v2\/types\/product"}],"wp:featuredmedia":[{"embeddable":true,"href":"https:\/\/www.rockonwall.com\/en\/wp-json\/wp\/v2\/media\/42611"}],"wp:attachment":[{"href":"https:\/\/www.rockonwall.com\/en\/wp-json\/wp\/v2\/media?parent=42609"}],"wp:term":[{"taxonomy":"product_brand","embeddable":true,"href":"https:\/\/www.rockonwall.com\/en\/wp-json\/wp\/v2\/product_brand?post=42609"},{"taxonomy":"product_cat","embeddable":true,"href":"https:\/\/www.rockonwall.com\/en\/wp-json\/wp\/v2\/product_cat?post=42609"},{"taxonomy":"product_tag","embeddable":true,"href":"https:\/\/www.rockonwall.com\/en\/wp-json\/wp\/v2\/product_tag?post=42609"}],"curies":[{"name":"wp","href":"https:\/\/api.w.org\/{rel}","templated":true}]}}