{"id":49012,"date":"2024-10-30T07:46:32","date_gmt":"2024-10-30T06:46:32","guid":{"rendered":"https:\/\/www.rockonwall.com\/?post_type=product&#038;p=49012"},"modified":"2025-08-10T13:44:14","modified_gmt":"2025-08-10T12:44:14","slug":"feutrine-forest-pink-mushroom-pour-disque-vinyle","status":"publish","type":"product","link":"https:\/\/www.rockonwall.com\/en\/product\/vinyl-accessories\/turntable-equipment\/feutrine-forest-pink-mushroom-pour-disque-vinyle\/","title":{"rendered":"Feutrine Forest Pink Shroom pour disque vinyle."},"content":{"rendered":"<p style=\"text-align: justify;\">La Feutrine FOREST PINK MUSHROOM est fabriqu\u00e9e \u00e0 100% en feutre pour prot\u00e9ger vos disques vinyles lors de la manipulation tout en ajoutant une touche unique et audacieuse \u00e0 votre platine vinyle.<\/p>\n","protected":false},"excerpt":{"rendered":"<p>La Feutrine FOREST PINK MUSHROOM est fabriqu\u00e9e \u00e0 100% en feutre pour prot\u00e9ger vos disques vinyles lors de la manipulation tout en ajoutant une touche unique et audacieuse \u00e0 votre platine vinyle.<\/p>\n","protected":false},"featured_media":49016,"template":"","meta":{"_acf_changed":false,"content-type":""},"product_brand":[],"product_cat":[1374,1599],"product_tag":[],"class_list":{"0":"post-49012","1":"product","2":"type-product","3":"status-publish","4":"has-post-thumbnail","6":"product_cat-vinyl-accessories","7":"product_cat-turntable-equipment","8":"pa_largeur-29-cm-en","10":"first","11":"instock","12":"featured","13":"taxable","14":"shipping-taxable","15":"purchasable","16":"product-type-simple"},"acf":[],"_links":{"self":[{"href":"https:\/\/www.rockonwall.com\/en\/wp-json\/wp\/v2\/product\/49012","targetHints":{"allow":["GET"]}}],"collection":[{"href":"https:\/\/www.rockonwall.com\/en\/wp-json\/wp\/v2\/product"}],"about":[{"href":"https:\/\/www.rockonwall.com\/en\/wp-json\/wp\/v2\/types\/product"}],"wp:featuredmedia":[{"embeddable":true,"href":"https:\/\/www.rockonwall.com\/en\/wp-json\/wp\/v2\/media\/49016"}],"wp:attachment":[{"href":"https:\/\/www.rockonwall.com\/en\/wp-json\/wp\/v2\/media?parent=49012"}],"wp:term":[{"taxonomy":"product_brand","embeddable":true,"href":"https:\/\/www.rockonwall.com\/en\/wp-json\/wp\/v2\/product_brand?post=49012"},{"taxonomy":"product_cat","embeddable":true,"href":"https:\/\/www.rockonwall.com\/en\/wp-json\/wp\/v2\/product_cat?post=49012"},{"taxonomy":"product_tag","embeddable":true,"href":"https:\/\/www.rockonwall.com\/en\/wp-json\/wp\/v2\/product_tag?post=49012"}],"curies":[{"name":"wp","href":"https:\/\/api.w.org\/{rel}","templated":true}]}}