{"id":50404,"date":"2025-03-03T09:33:18","date_gmt":"2025-03-03T08:33:18","guid":{"rendered":"https:\/\/www.rockonwall.com\/?post_type=product&#038;p=50404"},"modified":"2026-02-11T12:22:00","modified_gmt":"2026-02-11T11:22:00","slug":"pochette-cartonnee-rigide-33t-picture-disc-blanc-protection-vinyle-affichage-en-cadre-copie","status":"publish","type":"product","link":"https:\/\/www.rockonwall.com\/en\/product\/vinyl-protection\/pochette-cartonnee-rigide-33t-picture-disc-blanc-protection-vinyle-affichage-en-cadre-copie\/","title":{"rendered":"Pochettes Picture Discs Blanches 33T x 5 &#8211; Etui"},"content":{"rendered":"<p>Prot\u00e9gez et mettez en valeur vos vinyles 33T avec notre pochette cartonn\u00e9e rigide\/ Picture Disc. Id\u00e9ale pour remplacer une pochette ab\u00eem\u00e9e ou exposer vos disques dans nos cadres Rock On Wall. &#x2728;<\/p>\n<div style=\"width: 1080px;\" class=\"wp-video\"><video class=\"wp-video-shortcode\" id=\"video-50404-1\" width=\"1080\" height=\"1080\" preload=\"metadata\" controls=\"controls\"><source type=\"video\/mp4\" src=\"https:\/\/www.rockonwall.com\/wp-content\/uploads\/2025\/03\/encadrement-picture-discs.mp4?_=1\" \/><a href=\"https:\/\/www.rockonwall.com\/wp-content\/uploads\/2025\/03\/encadrement-picture-discs.mp4\">https:\/\/www.rockonwall.com\/wp-content\/uploads\/2025\/03\/encadrement-picture-discs.mp4<\/a><\/video><\/div>\n","protected":false},"excerpt":{"rendered":"<p>Prot\u00e9gez et mettez en valeur vos vinyles 33T avec notre pochette cartonn\u00e9e rigide\/ Picture Disc. Id\u00e9ale pour remplacer une pochette ab\u00eem\u00e9e ou exposer vos disques dans nos cadres Rock On Wall. &#x2728;<\/p>\n","protected":false},"featured_media":52224,"template":"","meta":{"_acf_changed":false,"content-type":""},"product_brand":[],"product_cat":[2025,1381],"product_tag":[],"class_list":{"0":"post-50404","1":"product","2":"type-product","3":"status-publish","4":"has-post-thumbnail","6":"product_cat-nouveautes-en","7":"product_cat-vinyl-protection","9":"first","10":"instock","11":"taxable","12":"shipping-taxable","13":"purchasable","14":"product-type-simple"},"acf":[],"_links":{"self":[{"href":"https:\/\/www.rockonwall.com\/en\/wp-json\/wp\/v2\/product\/50404","targetHints":{"allow":["GET"]}}],"collection":[{"href":"https:\/\/www.rockonwall.com\/en\/wp-json\/wp\/v2\/product"}],"about":[{"href":"https:\/\/www.rockonwall.com\/en\/wp-json\/wp\/v2\/types\/product"}],"wp:featuredmedia":[{"embeddable":true,"href":"https:\/\/www.rockonwall.com\/en\/wp-json\/wp\/v2\/media\/52224"}],"wp:attachment":[{"href":"https:\/\/www.rockonwall.com\/en\/wp-json\/wp\/v2\/media?parent=50404"}],"wp:term":[{"taxonomy":"product_brand","embeddable":true,"href":"https:\/\/www.rockonwall.com\/en\/wp-json\/wp\/v2\/product_brand?post=50404"},{"taxonomy":"product_cat","embeddable":true,"href":"https:\/\/www.rockonwall.com\/en\/wp-json\/wp\/v2\/product_cat?post=50404"},{"taxonomy":"product_tag","embeddable":true,"href":"https:\/\/www.rockonwall.com\/en\/wp-json\/wp\/v2\/product_tag?post=50404"}],"curies":[{"name":"wp","href":"https:\/\/api.w.org\/{rel}","templated":true}]}}