{"id":50412,"date":"2025-03-03T09:53:01","date_gmt":"2025-03-03T08:53:01","guid":{"rendered":"https:\/\/www.rockonwall.com\/?post_type=product&#038;p=50412"},"modified":"2026-02-12T12:16:22","modified_gmt":"2026-02-12T11:16:22","slug":"sous-pochette-12-pouces-lp-papier-premium-rouge","status":"publish","type":"product","link":"https:\/\/www.rockonwall.com\/en\/product\/vinyl-protection\/sous-pochette-12-pouces-lp-papier-premium-rouge\/","title":{"rendered":"Pochettes int\u00e9rieures papier rouge doubl\u00e9 antistatique &#8211; trou central &#8211; coins biseaut\u00e9s pour vinyle 33T x 25 &#8211; Etui"},"content":{"rendered":"<p>Prot\u00e9gez et mettez en valeur vos vinyles 33T avec notre Sous-pochettes vinyle 33T\/12&#8243; papier premium rouge coins biseaut\u00e9s et languette arri\u00e8re allong\u00e9e pour une ouverture facile<\/p>\n","protected":false},"excerpt":{"rendered":"<p>Prot\u00e9gez et mettez en valeur vos vinyles 33T avec notre Sous-pochettes vinyle 33T\/12&#8243; papier premium rouge coins biseaut\u00e9s et languette arri\u00e8re allong\u00e9e pour une ouverture facile<\/p>\n","protected":false},"featured_media":52222,"template":"","meta":{"_acf_changed":false,"content-type":""},"product_brand":[],"product_cat":[2025,1381],"product_tag":[],"class_list":{"0":"post-50412","1":"product","2":"type-product","3":"status-publish","4":"has-post-thumbnail","6":"product_cat-nouveautes-en","7":"product_cat-vinyl-protection","9":"first","10":"instock","11":"taxable","12":"shipping-taxable","13":"purchasable","14":"product-type-simple"},"acf":[],"_links":{"self":[{"href":"https:\/\/www.rockonwall.com\/en\/wp-json\/wp\/v2\/product\/50412","targetHints":{"allow":["GET"]}}],"collection":[{"href":"https:\/\/www.rockonwall.com\/en\/wp-json\/wp\/v2\/product"}],"about":[{"href":"https:\/\/www.rockonwall.com\/en\/wp-json\/wp\/v2\/types\/product"}],"wp:featuredmedia":[{"embeddable":true,"href":"https:\/\/www.rockonwall.com\/en\/wp-json\/wp\/v2\/media\/52222"}],"wp:attachment":[{"href":"https:\/\/www.rockonwall.com\/en\/wp-json\/wp\/v2\/media?parent=50412"}],"wp:term":[{"taxonomy":"product_brand","embeddable":true,"href":"https:\/\/www.rockonwall.com\/en\/wp-json\/wp\/v2\/product_brand?post=50412"},{"taxonomy":"product_cat","embeddable":true,"href":"https:\/\/www.rockonwall.com\/en\/wp-json\/wp\/v2\/product_cat?post=50412"},{"taxonomy":"product_tag","embeddable":true,"href":"https:\/\/www.rockonwall.com\/en\/wp-json\/wp\/v2\/product_tag?post=50412"}],"curies":[{"name":"wp","href":"https:\/\/api.w.org\/{rel}","templated":true}]}}