{"id":50420,"date":"2025-03-03T10:10:14","date_gmt":"2025-03-03T09:10:14","guid":{"rendered":"https:\/\/www.rockonwall.com\/?post_type=product&#038;p=50420"},"modified":"2026-02-12T12:09:07","modified_gmt":"2026-02-12T11:09:07","slug":"sous-pochettes-vinyle-33t-12-papier-premium-bleu-coins-biseautes","status":"publish","type":"product","link":"https:\/\/www.rockonwall.com\/en\/product\/vinyl-protection\/sous-pochettes-vinyle-33t-12-papier-premium-bleu-coins-biseautes\/","title":{"rendered":"Pochettes int\u00e9rieures papier doubl\u00e9 bleu antistatique , trou central, coins biseaut\u00e9s pour vinyle- 33T x 25 &#8211; Etui"},"content":{"rendered":"<p>Prot\u00e9gez et mettez en valeur vos vinyles 33T avec notre Sous-pochettes vinyle 33T\/12&#8243; papier premium bleu avec coins biseaut\u00e9s\u00a0 pour une ouverture facile<\/p>\n","protected":false},"excerpt":{"rendered":"<p>Prot\u00e9gez et mettez en valeur vos vinyles 33T avec notre Sous-pochettes vinyle 33T\/12&#8243; papier premium bleu avec coins biseaut\u00e9s\u00a0 pour une ouverture facile<\/p>\n","protected":false},"featured_media":52218,"template":"","meta":{"_acf_changed":false,"content-type":""},"product_brand":[],"product_cat":[2025,1381],"product_tag":[],"class_list":{"0":"post-50420","1":"product","2":"type-product","3":"status-publish","4":"has-post-thumbnail","6":"product_cat-nouveautes-en","7":"product_cat-vinyl-protection","9":"first","10":"instock","11":"taxable","12":"shipping-taxable","13":"purchasable","14":"product-type-simple"},"acf":[],"_links":{"self":[{"href":"https:\/\/www.rockonwall.com\/en\/wp-json\/wp\/v2\/product\/50420","targetHints":{"allow":["GET"]}}],"collection":[{"href":"https:\/\/www.rockonwall.com\/en\/wp-json\/wp\/v2\/product"}],"about":[{"href":"https:\/\/www.rockonwall.com\/en\/wp-json\/wp\/v2\/types\/product"}],"wp:featuredmedia":[{"embeddable":true,"href":"https:\/\/www.rockonwall.com\/en\/wp-json\/wp\/v2\/media\/52218"}],"wp:attachment":[{"href":"https:\/\/www.rockonwall.com\/en\/wp-json\/wp\/v2\/media?parent=50420"}],"wp:term":[{"taxonomy":"product_brand","embeddable":true,"href":"https:\/\/www.rockonwall.com\/en\/wp-json\/wp\/v2\/product_brand?post=50420"},{"taxonomy":"product_cat","embeddable":true,"href":"https:\/\/www.rockonwall.com\/en\/wp-json\/wp\/v2\/product_cat?post=50420"},{"taxonomy":"product_tag","embeddable":true,"href":"https:\/\/www.rockonwall.com\/en\/wp-json\/wp\/v2\/product_tag?post=50420"}],"curies":[{"name":"wp","href":"https:\/\/api.w.org\/{rel}","templated":true}]}}