{"id":50451,"date":"2025-03-04T10:10:55","date_gmt":"2025-03-04T09:10:55","guid":{"rendered":"https:\/\/www.rockonwall.com\/?post_type=product&#038;p=50451"},"modified":"2026-02-12T12:15:49","modified_gmt":"2026-02-12T11:15:49","slug":"sous-pochettes-vinyle-33t-12-papier-premium-kraft-coins-biseautes","status":"publish","type":"product","link":"https:\/\/www.rockonwall.com\/en\/product\/vinyl-protection\/sous-pochettes-vinyle-33t-12-papier-premium-kraft-coins-biseautes\/","title":{"rendered":"Pochettes int\u00e9rieures papier kraft doubl\u00e9 antistatique, trou central, coins biseaut\u00e9s pour vinyle 33T x 25 &#8211; Etui"},"content":{"rendered":"<p>Prot\u00e9gez et mettez en valeur vos vinyles 33T avec notre Sous-pochettes vinyle 33T\/12&#8243; papier premium kraft avec coins biseaut\u00e9s\u00a0 pour une ouverture facile<\/p>\n","protected":false},"excerpt":{"rendered":"<p>Prot\u00e9gez et mettez en valeur vos vinyles 33T avec notre Sous-pochettes vinyle 33T\/12&#8243; papier premium kraft avec coins biseaut\u00e9s\u00a0 pour une ouverture facile<\/p>\n","protected":false},"featured_media":52220,"template":"","meta":{"_acf_changed":false,"content-type":""},"product_brand":[],"product_cat":[2025,1381],"product_tag":[],"class_list":{"0":"post-50451","1":"product","2":"type-product","3":"status-publish","4":"has-post-thumbnail","6":"product_cat-nouveautes-en","7":"product_cat-vinyl-protection","9":"first","10":"instock","11":"taxable","12":"shipping-taxable","13":"purchasable","14":"product-type-simple"},"acf":[],"_links":{"self":[{"href":"https:\/\/www.rockonwall.com\/en\/wp-json\/wp\/v2\/product\/50451","targetHints":{"allow":["GET"]}}],"collection":[{"href":"https:\/\/www.rockonwall.com\/en\/wp-json\/wp\/v2\/product"}],"about":[{"href":"https:\/\/www.rockonwall.com\/en\/wp-json\/wp\/v2\/types\/product"}],"wp:featuredmedia":[{"embeddable":true,"href":"https:\/\/www.rockonwall.com\/en\/wp-json\/wp\/v2\/media\/52220"}],"wp:attachment":[{"href":"https:\/\/www.rockonwall.com\/en\/wp-json\/wp\/v2\/media?parent=50451"}],"wp:term":[{"taxonomy":"product_brand","embeddable":true,"href":"https:\/\/www.rockonwall.com\/en\/wp-json\/wp\/v2\/product_brand?post=50451"},{"taxonomy":"product_cat","embeddable":true,"href":"https:\/\/www.rockonwall.com\/en\/wp-json\/wp\/v2\/product_cat?post=50451"},{"taxonomy":"product_tag","embeddable":true,"href":"https:\/\/www.rockonwall.com\/en\/wp-json\/wp\/v2\/product_tag?post=50451"}],"curies":[{"name":"wp","href":"https:\/\/api.w.org\/{rel}","templated":true}]}}