{"id":50645,"date":"2025-03-14T11:46:49","date_gmt":"2025-03-14T10:46:49","guid":{"rendered":"https:\/\/www.rockonwall.com\/?post_type=product&#038;p=50645"},"modified":"2026-04-02T13:35:40","modified_gmt":"2026-04-02T12:35:40","slug":"pochettes-interieures-nagaoka-pe-double-45t-x-50-etui","status":"publish","type":"product","link":"https:\/\/www.rockonwall.com\/en\/product\/vinyl-protection\/pochettes-interieures-nagaoka-pe-double-45t-x-50-etui\/","title":{"rendered":"Pochettes int\u00e9rieures Nagaoka PE pour disque vinyle 45T x 50"},"content":{"rendered":"<p>Nos pochettes int\u00e9rieures souples Japan style sont con\u00e7ues pour \u00e9viter les rayures, la poussi\u00e8re et l\u2019\u00e9lectricit\u00e9 statique, elles allient transparence, souplesse et durabilit\u00e9. Fabriqu\u00e9es\u00a0 avec 84 % de mati\u00e8re recycl\u00e9e. Id\u00e9al pour audiophiles et collectionneurs !<\/p>\n","protected":false},"excerpt":{"rendered":"<p>Nos pochettes int\u00e9rieures souples Japan style sont con\u00e7ues pour \u00e9viter les rayures, la poussi\u00e8re et l\u2019\u00e9lectricit\u00e9 statique, elles allient transparence, souplesse et durabilit\u00e9. Fabriqu\u00e9es\u00a0 avec 84 % de mati\u00e8re recycl\u00e9e. Id\u00e9al pour audiophiles et collectionneurs !<\/p>\n","protected":false},"featured_media":50449,"template":"","meta":{"_acf_changed":false,"content-type":""},"product_brand":[],"product_cat":[2025,1381],"product_tag":[],"class_list":{"0":"post-50645","1":"product","2":"type-product","3":"status-publish","4":"has-post-thumbnail","6":"product_cat-nouveautes-en","7":"product_cat-vinyl-protection","9":"first","10":"instock","11":"taxable","12":"shipping-taxable","13":"purchasable","14":"product-type-simple"},"acf":[],"_links":{"self":[{"href":"https:\/\/www.rockonwall.com\/en\/wp-json\/wp\/v2\/product\/50645","targetHints":{"allow":["GET"]}}],"collection":[{"href":"https:\/\/www.rockonwall.com\/en\/wp-json\/wp\/v2\/product"}],"about":[{"href":"https:\/\/www.rockonwall.com\/en\/wp-json\/wp\/v2\/types\/product"}],"wp:featuredmedia":[{"embeddable":true,"href":"https:\/\/www.rockonwall.com\/en\/wp-json\/wp\/v2\/media\/50449"}],"wp:attachment":[{"href":"https:\/\/www.rockonwall.com\/en\/wp-json\/wp\/v2\/media?parent=50645"}],"wp:term":[{"taxonomy":"product_brand","embeddable":true,"href":"https:\/\/www.rockonwall.com\/en\/wp-json\/wp\/v2\/product_brand?post=50645"},{"taxonomy":"product_cat","embeddable":true,"href":"https:\/\/www.rockonwall.com\/en\/wp-json\/wp\/v2\/product_cat?post=50645"},{"taxonomy":"product_tag","embeddable":true,"href":"https:\/\/www.rockonwall.com\/en\/wp-json\/wp\/v2\/product_tag?post=50645"}],"curies":[{"name":"wp","href":"https:\/\/api.w.org\/{rel}","templated":true}]}}