{"id":50648,"date":"2025-03-14T14:17:06","date_gmt":"2025-03-14T13:17:06","guid":{"rendered":"https:\/\/www.rockonwall.com\/?post_type=product&#038;p=50648"},"modified":"2026-02-12T11:09:10","modified_gmt":"2026-02-12T10:09:10","slug":"pochettes-interieures-papier-33t-doublee-pe-trou-central-et-coins-biseautes-x25-etui","status":"publish","type":"product","link":"https:\/\/www.rockonwall.com\/en\/product\/vinyl-protection\/pochettes-interieures-papier-33t-doublee-pe-trou-central-et-coins-biseautes-x25-etui\/","title":{"rendered":"Pochettes int\u00e9rieures antistatiques papier doubl\u00e9e PE, trou central et coins biseaut\u00e9s x25 &#8211; Etui"},"content":{"rendered":"<p style=\"text-align: justify;\">Lot de 25 <strong>sous-pochettes papier doubl\u00e9es pour disque vinyle 33T<\/strong>\u00a0avec d\u00e9coupe centrale et coins sup\u00e9rieurs arrondis, id\u00e9ales\u00a0pour une protection totale\u00a0de votre collection de\u00a0<strong>disques vinyles\u00a033T<\/strong>\u00a0ou de vos derniers achats d\u2019occasion.<\/p>\n<p>Le film int\u00e9rieur en PE antistatique assure une meilleure protection contre les poussieres.<\/p>\n","protected":false},"excerpt":{"rendered":"<p>Lot de 25 sous-pochettes papier doubl\u00e9es pour disque vinyle 33T\u00a0avec d\u00e9coupe centrale et coins sup\u00e9rieurs arrondis, id\u00e9ales\u00a0pour une protection totale\u00a0de votre collection de\u00a0disques vinyles\u00a033T\u00a0ou de vos derniers achats d\u2019occasion. Le film int\u00e9rieur en PE antistatique assure une meilleure protection contre les poussieres.<\/p>\n","protected":false},"featured_media":52216,"template":"","meta":{"_acf_changed":false,"content-type":""},"product_brand":[],"product_cat":[2025,1381],"product_tag":[],"class_list":{"0":"post-50648","1":"product","2":"type-product","3":"status-publish","4":"has-post-thumbnail","6":"product_cat-nouveautes-en","7":"product_cat-vinyl-protection","9":"first","10":"instock","11":"taxable","12":"shipping-taxable","13":"purchasable","14":"product-type-simple"},"acf":[],"_links":{"self":[{"href":"https:\/\/www.rockonwall.com\/en\/wp-json\/wp\/v2\/product\/50648","targetHints":{"allow":["GET"]}}],"collection":[{"href":"https:\/\/www.rockonwall.com\/en\/wp-json\/wp\/v2\/product"}],"about":[{"href":"https:\/\/www.rockonwall.com\/en\/wp-json\/wp\/v2\/types\/product"}],"wp:featuredmedia":[{"embeddable":true,"href":"https:\/\/www.rockonwall.com\/en\/wp-json\/wp\/v2\/media\/52216"}],"wp:attachment":[{"href":"https:\/\/www.rockonwall.com\/en\/wp-json\/wp\/v2\/media?parent=50648"}],"wp:term":[{"taxonomy":"product_brand","embeddable":true,"href":"https:\/\/www.rockonwall.com\/en\/wp-json\/wp\/v2\/product_brand?post=50648"},{"taxonomy":"product_cat","embeddable":true,"href":"https:\/\/www.rockonwall.com\/en\/wp-json\/wp\/v2\/product_cat?post=50648"},{"taxonomy":"product_tag","embeddable":true,"href":"https:\/\/www.rockonwall.com\/en\/wp-json\/wp\/v2\/product_tag?post=50648"}],"curies":[{"name":"wp","href":"https:\/\/api.w.org\/{rel}","templated":true}]}}