{"id":50656,"date":"2025-03-14T14:33:14","date_gmt":"2025-03-14T13:33:14","guid":{"rendered":"https:\/\/www.rockonwall.com\/?post_type=product&#038;p=50656"},"modified":"2026-02-12T10:27:10","modified_gmt":"2026-02-12T09:27:10","slug":"pochettes-interieures-papier-noir-33t-doublee-pe-trou-central-x25-etui","status":"publish","type":"product","link":"https:\/\/www.rockonwall.com\/en\/product\/vinyl-protection\/pochettes-interieures-papier-noir-33t-doublee-pe-trou-central-x25-etui\/","title":{"rendered":"Pochettes int\u00e9rieures papier noir pour disque vinyle 33T, trou central x 25 &#8211; Etui"},"content":{"rendered":"<p style=\"text-align: justify;\">Lot de 25 <strong>sous-pochettes papier noir pour disque vinyle 33T<\/strong> avec d\u00e9coupe centrale, id\u00e9ales pour une remise \u00e0 niveau \u00e9conomique de votre collection de <strong>disques vinyles\u00a033T<\/strong>\u00a0ou de vos derniers achats d\u2019occasion.<\/p>\n<p>&nbsp;<\/p>\n","protected":false},"excerpt":{"rendered":"<p>Lot de 25 sous-pochettes papier noir pour disque vinyle 33T avec d\u00e9coupe centrale, id\u00e9ales pour une remise \u00e0 niveau \u00e9conomique de votre collection de disques vinyles\u00a033T\u00a0ou de vos derniers achats d\u2019occasion. &nbsp;<\/p>\n","protected":false},"featured_media":52214,"template":"","meta":{"_acf_changed":false,"content-type":""},"product_brand":[],"product_cat":[2025,1381],"product_tag":[],"class_list":{"0":"post-50656","1":"product","2":"type-product","3":"status-publish","4":"has-post-thumbnail","6":"product_cat-nouveautes-en","7":"product_cat-vinyl-protection","9":"first","10":"instock","11":"taxable","12":"shipping-taxable","13":"purchasable","14":"product-type-simple"},"acf":[],"_links":{"self":[{"href":"https:\/\/www.rockonwall.com\/en\/wp-json\/wp\/v2\/product\/50656","targetHints":{"allow":["GET"]}}],"collection":[{"href":"https:\/\/www.rockonwall.com\/en\/wp-json\/wp\/v2\/product"}],"about":[{"href":"https:\/\/www.rockonwall.com\/en\/wp-json\/wp\/v2\/types\/product"}],"wp:featuredmedia":[{"embeddable":true,"href":"https:\/\/www.rockonwall.com\/en\/wp-json\/wp\/v2\/media\/52214"}],"wp:attachment":[{"href":"https:\/\/www.rockonwall.com\/en\/wp-json\/wp\/v2\/media?parent=50656"}],"wp:term":[{"taxonomy":"product_brand","embeddable":true,"href":"https:\/\/www.rockonwall.com\/en\/wp-json\/wp\/v2\/product_brand?post=50656"},{"taxonomy":"product_cat","embeddable":true,"href":"https:\/\/www.rockonwall.com\/en\/wp-json\/wp\/v2\/product_cat?post=50656"},{"taxonomy":"product_tag","embeddable":true,"href":"https:\/\/www.rockonwall.com\/en\/wp-json\/wp\/v2\/product_tag?post=50656"}],"curies":[{"name":"wp","href":"https:\/\/api.w.org\/{rel}","templated":true}]}}