{"id":12460,"date":"2015-08-26T17:05:17","date_gmt":"2015-08-26T16:05:17","guid":{"rendered":"http:\/\/www.rockonwall.com\/fr\/?page_id=12460"},"modified":"2016-03-11T10:26:36","modified_gmt":"2016-03-11T09:26:36","slug":"notre-histoire","status":"publish","type":"page","link":"https:\/\/www.rockonwall.com\/fr\/notre-histoire\/","title":{"rendered":"Notre histoire"},"content":{"rendered":"<p style=\"text-align: justify;\">Au d\u00e9but des ann\u00e9es 80, alors que certains dansent le mia, d\u2019autres prennent la cold wave en pleine tronche: The Stranglers, Joy Division et The Cure dansent gauchement sur les cendres du prog rock et du punk, et pr\u00e9parent le terrain au rock ind\u00e9 des Smiths et \u00e0 l\u2019electro pop de New Order. A cette \u00e9poque, l\u2019analogique r\u00e8gne en ma\u00eetre et on compte <strong>3000 disquaires<\/strong> en France. Les ados passent une apr\u00e8s-midi enti\u00e8re \u00e0 choisir LE <strong>vinyle <\/strong>qu\u2019ils vont pouvoir ramener \u00e0 la maison avec le billet de 50 francs offert par mamie, <strong>vinyle <\/strong>qui sera dupliqu\u00e9 par les copains des dizaines de fois sur des cassettes BASF ou TDK &#8211; chrome si possible &#8211; sans qu\u2019Hadopi ne s\u2019en \u00e9meuve le moins du monde.<\/p>\n<p>&nbsp;<\/p>\n<p style=\"text-align: justify;\"><a href=\"https:\/\/www.rockonwall.com\/wp-content\/uploads\/2015\/08\/histoire-rockonwall.jpg\"><img loading=\"lazy\" decoding=\"async\" class=\"alignleft size-medium wp-image-22161\" src=\"https:\/\/www.rockonwall.com\/wp-content\/uploads\/2015\/08\/histoire-rockonwall-300x177.jpg\" alt=\"histoire-rockonwall\" width=\"300\" height=\"177\" \/><\/a> L\u2019objet, convoit\u00e9 pendant des semaines voire des mois, devient alors le sujet d\u2019un culte qui tourne souvent \u00e0 l\u2019obsession. La pochette comme la musique sont us\u00e9es jusqu\u2019\u00e0 la corde, si bien que certaines rayures ou craquements deviennent partie int\u00e9grante d\u2019un morceau, et qu\u2019on se surprend \u00e0 ne pas les entendre lors de l\u2019\u00e9coute d\u2019un disque moins sollicit\u00e9. L\u2019attente d\u00e9multiplie un plaisir qu\u2019internet transformera ensuite en consommation pure.<\/p>\n<p style=\"text-align: justify;\">C\u2019est sur la base de cet h\u00e9ritage que la marque <strong>ROCK ON WALL<\/strong>, enti\u00e8rement d\u00e9di\u00e9e au <strong>disque vinyle<\/strong> en tant qu\u2019objet symbolique de la culture populaire, est cr\u00e9\u00e9e en 2006. Alors qu\u2019il d\u00e9p\u00e9rit par cartons entiers \u00e0 la cave ou au grenier, supplant\u00e9 par le CD et achev\u00e9 par l\u2019apparition de l\u2019iPod d\u2019Apple, le disque vinyle \u00e0 gard\u00e9 sur nous son pouvoir d\u2019attraction et nous a pouss\u00e9 \u00e0 croire en son possible retour face \u00e0 la d\u00e9mat\u00e9rialisation de la musique. A quoi bon en effet accumuler les mega-octets sur des disques durs \u00e0 l\u2019obsolescence bien programm\u00e9e, ou avoir acc\u00e8s \u00e0 des millions de titres en streaming, si on ne connait pas le pr\u00e9nom de cette jolie chanteuse un peu timide, si on n\u2019a pas not\u00e9 que le guitariste est gaucher ou si on ignore que la pochette est sign\u00e9e Peter Saville ?<\/p>\n<p>&nbsp;<\/p>\n<p style=\"text-align: justify;\"><a href=\"https:\/\/www.rockonwall.com\/wp-content\/uploads\/2015\/08\/Logo-plat-RO.jpg\"><img loading=\"lazy\" decoding=\"async\" class=\"alignright size-medium wp-image-22168\" src=\"https:\/\/www.rockonwall.com\/wp-content\/uploads\/2015\/08\/Logo-plat-RO-300x200.jpg\" alt=\"Logo plat RO\" width=\"300\" height=\"200\" \/><\/a> A travers nos produits, nous rendons donc hommage \u00e0 un format qui permet une exp\u00e9rience totale de la musique. Car le <strong>disque vinyle<\/strong>, c\u2019est un son, une gestuelle, un visuel grand format enrichi de nombreuses informations. C\u2019est aussi la possibilit\u00e9 de constituer une collection personnelle voire intime, comme la bande-son d\u2019une vie. Certes, ce n\u2019est pas tr\u00e8s pratique en voiture, mais puisqu\u2019il est d\u00e9sormais vendu avec un bon de t\u00e9l\u00e9chargement mp3, plus rien ne vous retient !<\/p>\n<p style=\"text-align: justify;\">Ce site est enfin l\u2019opportunit\u00e9 de nous exprimer plus largement sur ce qu\u2019on appelle l\u2019industrie de la musique, et de recueillir votre avis sur ces prises de position ainsi que sur la qualit\u00e9 de nos produits, \u00e0 laquelle nous accordons la plus grande importance. Sans en faire une r\u00e8gle trop rigide, nous privil\u00e9gions chaque fois que cela est possible un sourcing France ou Europe, et nous essayons de vous accompagner dans la construction de votre collection avec passion.<\/p>\n<p style=\"text-align: justify;\">Vinylement v\u00f4tre,<br \/>\n<strong>L\u2019\u00e9quipe Rock on Wall<\/strong><\/p>\n","protected":false},"excerpt":{"rendered":"<p>Au d\u00e9but des ann\u00e9es 80, alors que certains dansent le mia, d\u2019autres prennent la cold wave en pleine tronche: The Stranglers, Joy Division et The Cure dansent gauchement sur les cendres du prog rock et du punk, et pr\u00e9parent le terrain au rock ind\u00e9 des Smiths et \u00e0 l\u2019electro pop de New Order. A cette \u00e9poque, l\u2019analogique r\u00e8gne en ma\u00eetre [&hellip;]<\/p>\n","protected":false},"author":1,"featured_media":0,"parent":0,"menu_order":0,"comment_status":"closed","ping_status":"closed","template":"","meta":{"_acf_changed":false,"content-type":"","footnotes":""},"class_list":["post-12460","page","type-page","status-publish","hentry"],"acf":[],"_links":{"self":[{"href":"https:\/\/www.rockonwall.com\/fr\/wp-json\/wp\/v2\/pages\/12460","targetHints":{"allow":["GET"]}}],"collection":[{"href":"https:\/\/www.rockonwall.com\/fr\/wp-json\/wp\/v2\/pages"}],"about":[{"href":"https:\/\/www.rockonwall.com\/fr\/wp-json\/wp\/v2\/types\/page"}],"author":[{"embeddable":true,"href":"https:\/\/www.rockonwall.com\/fr\/wp-json\/wp\/v2\/users\/1"}],"replies":[{"embeddable":true,"href":"https:\/\/www.rockonwall.com\/fr\/wp-json\/wp\/v2\/comments?post=12460"}],"version-history":[{"count":1,"href":"https:\/\/www.rockonwall.com\/fr\/wp-json\/wp\/v2\/pages\/12460\/revisions"}],"predecessor-version":[{"id":46315,"href":"https:\/\/www.rockonwall.com\/fr\/wp-json\/wp\/v2\/pages\/12460\/revisions\/46315"}],"wp:attachment":[{"href":"https:\/\/www.rockonwall.com\/fr\/wp-json\/wp\/v2\/media?parent=12460"}],"curies":[{"name":"wp","href":"https:\/\/api.w.org\/{rel}","templated":true}]}}