{"id":47721,"date":"2024-05-30T09:53:08","date_gmt":"2024-05-30T08:53:08","guid":{"rendered":"https:\/\/www.rockonwall.com\/?page_id=47721"},"modified":"2024-07-08T15:00:24","modified_gmt":"2024-07-08T14:00:24","slug":"planete","status":"publish","type":"page","link":"https:\/\/www.rockonwall.com\/fr\/planete\/","title":{"rendered":"Notre programme Plan\u00e8te"},"content":{"rendered":"<blockquote><p><em>Rock On Wall est une entreprise engag\u00e9e dans la p<\/em><em>rotection la plan\u00e8te et dans la solidarit\u00e9 humaine.<\/em><\/p>\n<p><em>Voici nos actions.<\/em><\/p><\/blockquote>\n<h2>Financement d&rsquo;associations engag\u00e9s pour la plan\u00e8te<\/h2>\n<p>Rock Obn Wall verse 1% de son Chiffre d&rsquo;Affaires \u00e0 des associations environnemantales.<\/p>\n<p>A ce titre nous sommes membres du r\u00e9seau 1% pour la Plan\u00e8te France.<\/p>\n<p><a href=\"https:\/\/www.rockonwall.com\/wp-content\/uploads\/2024\/07\/1-For-The-Planete_logo.png\"><img loading=\"lazy\" decoding=\"async\" class=\"alignnone size-medium wp-image-48087\" src=\"https:\/\/www.rockonwall.com\/wp-content\/uploads\/2024\/07\/1-For-The-Planete_logo-300x142.png\" alt=\"\" width=\"300\" height=\"142\" srcset=\"https:\/\/www.rockonwall.com\/wp-content\/uploads\/2024\/07\/1-For-The-Planete_logo-300x142.png 300w, https:\/\/www.rockonwall.com\/wp-content\/uploads\/2024\/07\/1-For-The-Planete_logo-1024x484.png 1024w, https:\/\/www.rockonwall.com\/wp-content\/uploads\/2024\/07\/1-For-The-Planete_logo-768x363.png 768w, https:\/\/www.rockonwall.com\/wp-content\/uploads\/2024\/07\/1-For-The-Planete_logo-1536x726.png 1536w, https:\/\/www.rockonwall.com\/wp-content\/uploads\/2024\/07\/1-For-The-Planete_logo-2048x968.png 2048w, https:\/\/www.rockonwall.com\/wp-content\/uploads\/2024\/07\/1-For-The-Planete_logo-1280x605.png 1280w, https:\/\/www.rockonwall.com\/wp-content\/uploads\/2024\/07\/1-For-The-Planete_logo-500x236.png 500w\" sizes=\"auto, (max-width: 300px) 100vw, 300px\" \/><\/a><\/p>\n<p>&nbsp;<\/p>\n<h2>Conditionnement, emballage et exp\u00e9dition solidaires.<\/h2>\n<p>Depuis 20 ans, <a href=\"https:\/\/www.lmdes.com\/\">LMDES<\/a> est une entreprise adapt\u00e9e qui place l&rsquo;humain au centre de son d\u00e9veloppement, avec plus de 85 % de ses employ\u00e9s \u00e9tant des personnes en situation de handicap. Sp\u00e9cialis\u00e9e dans le fa\u00e7onnage manuel, le routage et la logistique, LMDES joue un r\u00f4le crucial dans la cha\u00eene logistique de KPDP.<\/p>\n<p>L\u2019\u00e9quipe d\u2019Handi-capables se charge de l\u2019assemblage, de l\u2019\u00e9tiquetage et de la pr\u00e9paration des commandes. Engag\u00e9e dans une d\u00e9marche \u00e9co-responsable, LMDES adh\u00e8re \u00e0 nos valeurs de durabilit\u00e9 et d&rsquo;efficacit\u00e9, garantissant une livraison des produits aux points de vente dans des conditions optimales, tout en respectant l&rsquo;environnement et l&rsquo;humain.<\/p>\n<div class='gallery'><dl class='gallery-item'>\n\t\t\t<dt class='gallery-icon landscape'>\n\t\t\t\t<a class=\"lightbox\" data-rel='ilightbox[gallery]' href='https:\/\/www.rockonwall.com\/fr\/lmdes-fontanil-kpdp-2-1\/'><img loading=\"lazy\" decoding=\"async\" width=\"150\" height=\"150\" src=\"https:\/\/www.rockonwall.com\/wp-content\/uploads\/2024\/06\/LMDES-Fontanil-KPDP-2-1-150x150.png\" class=\"attachment-thumbnail size-thumbnail\" alt=\"\" aria-describedby=\"gallery-1-47945\" srcset=\"https:\/\/www.rockonwall.com\/wp-content\/uploads\/2024\/06\/LMDES-Fontanil-KPDP-2-1-150x150.png 150w, https:\/\/www.rockonwall.com\/wp-content\/uploads\/2024\/06\/LMDES-Fontanil-KPDP-2-1-300x300.png 300w, https:\/\/www.rockonwall.com\/wp-content\/uploads\/2024\/06\/LMDES-Fontanil-KPDP-2-1-100x100.png 100w\" sizes=\"auto, (max-width: 150px) 100vw, 150px\" \/><\/a>\n\t\t\t<\/dt>\n\t\t\t\t<dd class='wp-caption-text gallery-caption' id='gallery-1-47945'>\n\t\t\t\tExp\u00e9ditions \n\t\t\t\t<\/dd><\/dl><dl class='gallery-item'>\n\t\t\t<dt class='gallery-icon landscape'>\n\t\t\t\t<a class=\"lightbox\" data-rel='ilightbox[gallery]' href='https:\/\/www.rockonwall.com\/fr\/lmdes-fontanil-kpdp-1-2-1\/'><img loading=\"lazy\" decoding=\"async\" width=\"150\" height=\"150\" src=\"https:\/\/www.rockonwall.com\/wp-content\/uploads\/2024\/06\/LMDES-Fontanil-KPDP-1-2-1-150x150.png\" class=\"attachment-thumbnail size-thumbnail\" alt=\"\" aria-describedby=\"gallery-1-47943\" srcset=\"https:\/\/www.rockonwall.com\/wp-content\/uploads\/2024\/06\/LMDES-Fontanil-KPDP-1-2-1-150x150.png 150w, https:\/\/www.rockonwall.com\/wp-content\/uploads\/2024\/06\/LMDES-Fontanil-KPDP-1-2-1-300x300.png 300w, https:\/\/www.rockonwall.com\/wp-content\/uploads\/2024\/06\/LMDES-Fontanil-KPDP-1-2-1-100x100.png 100w\" sizes=\"auto, (max-width: 150px) 100vw, 150px\" \/><\/a>\n\t\t\t<\/dt>\n\t\t\t\t<dd class='wp-caption-text gallery-caption' id='gallery-1-47943'>\n\t\t\t\tConditionnement\n\t\t\t\t<\/dd><\/dl>\n\t\t\t<br style='clear: both' \/>\n\t\t<\/div>\n\n<h2><\/h2>\n<h2>R\u00e9duction des emballages<\/h2>\n<p>Nous travaillons \u00e0 la r\u00e9duction de nos emballages et avons choisi de minimiser le poids et la quantit\u00e9 d&#8217;emballages. C&rsquo;est pour cette raison que bien nombre de nos pochettes et de nos produits sont rev\u00eatus d&rsquo;un simple film plastique recyclable.<\/p>\n<p>Moins de carton, moins de transport, moins de CO 2.<\/p>\n<h2><\/h2>\n<h2>Utilisation de mati\u00e8res premi\u00e8res recycl\u00e9es<\/h2>\n<p>Nous utilisons d\u00e8s que c&rsquo;est possible des mati\u00e8res premi\u00e8res recycl\u00e9es pour fabriquer nos produits. C&rsquo;est le cas par exemple pour les pochettes de protection qui existent en PE recycl\u00e9 \u00e0 84%, les cadres, et certaines brosses.<\/p>\n<h2><\/h2>\n<h2>Productions locales d\u00e8s que possible.<\/h2>\n<p>Nos partenaires et fabricants sont choisis notamment pour leur proximit\u00e9. Nous essayons de limiter les \u00e9missions CO2 pour les accessoires vinyles au maximum. C&rsquo;est le cas notamment pour nos cadres, produits en pays de Savoie, et pour nombre de nos autres accessoires, produits en France si possible et parfois en Europe.<\/p>\n","protected":false},"excerpt":{"rendered":"<p>Rock On Wall est une entreprise engag\u00e9e dans la protection la plan\u00e8te et dans la solidarit\u00e9 humaine. Voici nos actions. Financement d&rsquo;associations engag\u00e9s pour la plan\u00e8te Rock Obn Wall verse 1% de son Chiffre d&rsquo;Affaires \u00e0 des associations environnemantales. A ce titre nous sommes membres du r\u00e9seau 1% pour la Plan\u00e8te France. &nbsp; Conditionnement, emballage et exp\u00e9dition solidaires. Depuis 20 [&hellip;]<\/p>\n","protected":false},"author":4340,"featured_media":0,"parent":0,"menu_order":0,"comment_status":"closed","ping_status":"closed","template":"","meta":{"_acf_changed":false,"content-type":"","footnotes":""},"class_list":["post-47721","page","type-page","status-publish","hentry"],"acf":[],"_links":{"self":[{"href":"https:\/\/www.rockonwall.com\/fr\/wp-json\/wp\/v2\/pages\/47721","targetHints":{"allow":["GET"]}}],"collection":[{"href":"https:\/\/www.rockonwall.com\/fr\/wp-json\/wp\/v2\/pages"}],"about":[{"href":"https:\/\/www.rockonwall.com\/fr\/wp-json\/wp\/v2\/types\/page"}],"author":[{"embeddable":true,"href":"https:\/\/www.rockonwall.com\/fr\/wp-json\/wp\/v2\/users\/4340"}],"replies":[{"embeddable":true,"href":"https:\/\/www.rockonwall.com\/fr\/wp-json\/wp\/v2\/comments?post=47721"}],"version-history":[{"count":9,"href":"https:\/\/www.rockonwall.com\/fr\/wp-json\/wp\/v2\/pages\/47721\/revisions"}],"predecessor-version":[{"id":48089,"href":"https:\/\/www.rockonwall.com\/fr\/wp-json\/wp\/v2\/pages\/47721\/revisions\/48089"}],"wp:attachment":[{"href":"https:\/\/www.rockonwall.com\/fr\/wp-json\/wp\/v2\/media?parent=47721"}],"curies":[{"name":"wp","href":"https:\/\/api.w.org\/{rel}","templated":true}]}}