{"id":50109,"date":"2025-01-14T14:26:11","date_gmt":"2025-01-14T13:26:11","guid":{"rendered":"https:\/\/www.rockonwall.com\/?page_id=50109"},"modified":"2025-01-14T16:03:09","modified_gmt":"2025-01-14T15:03:09","slug":"les-differents-formats-de-vinyles-comprendre-leurs-specificites","status":"publish","type":"page","link":"https:\/\/www.rockonwall.com\/fr\/les-differents-formats-de-vinyles-comprendre-leurs-specificites\/","title":{"rendered":"Comprendre les diff\u00e9rents formats de vinyles"},"content":{"rendered":"<p>Les disques vinyles, existent en plusieurs formats.<\/p>\n<p>Chaque type se distingue par sa taille, sa vitesse de rotation et la quantit\u00e9 de musique qu\u2019il peut contenir.<\/p>\n<p>D\u00e9couvrons ensemble les formats les plus courants et leurs caract\u00e9ristiques.<\/p>\n<h4><\/h4>\n<h4><\/h4>\n<h4><\/h4>\n<h4><a href=\"https:\/\/www.rockonwall.com\/wp-content\/uploads\/2025\/01\/Maxi-45T.png\"><img loading=\"lazy\" decoding=\"async\" class=\"wp-image-50113 alignnone\" src=\"https:\/\/www.rockonwall.com\/wp-content\/uploads\/2025\/01\/Maxi-45T-300x147.png\" alt=\"\" width=\"793\" height=\"389\" srcset=\"https:\/\/www.rockonwall.com\/wp-content\/uploads\/2025\/01\/Maxi-45T-300x147.png 300w, https:\/\/www.rockonwall.com\/wp-content\/uploads\/2025\/01\/Maxi-45T-1024x502.png 1024w, https:\/\/www.rockonwall.com\/wp-content\/uploads\/2025\/01\/Maxi-45T-768x376.png 768w, https:\/\/www.rockonwall.com\/wp-content\/uploads\/2025\/01\/Maxi-45T-500x245.png 500w, https:\/\/www.rockonwall.com\/wp-content\/uploads\/2025\/01\/Maxi-45T.png 1174w\" sizes=\"auto, (max-width: 793px) 100vw, 793px\" \/><\/a><\/h4>\n<h4><\/h4>\n<h4><strong>la RPM c&rsquo;est quoi ?<br \/>\n<\/strong><\/h4>\n<p>RMP veut dire rotations par minutes. Donc c&rsquo;est le nombre de tours que fait votre disque par minute pour donner le son d&rsquo;origine du morceau.<\/p>\n<p>&nbsp;<\/p>\n<p>&nbsp;<\/p>\n<h4><strong>Le 33 tours (33 RPM)<\/strong><\/h4>\n<p>Le vinyle 33 tours, ou LP (Long Play), est sans doute le plus embl\u00e9matique. Avec un diam\u00e8tre de 12 pouces (environ 30 cm), il offre une dur\u00e9e d&rsquo;\u00e9coute allant de 20 \u00e0 30 minutes par face. C&rsquo;est le choix id\u00e9al pour les albums complets.<\/p>\n<p>&nbsp;<\/p>\n<p>&nbsp;<\/p>\n<h4><strong>Le Maxi 45 tours<br \/>\n<\/strong><\/h4>\n<p>Un format hybride : bien que tournant \u00e0 45 RPM, il poss\u00e8de le m\u00eame diam\u00e8tre qu\u2019un LP (12 pouces). Le Maxi 45 tours est parfait pour des versions longues ou remix\u00e9es de morceaux, avec une dur\u00e9e d\u2019\u00e9coute allant jusqu\u2019\u00e0 12 minutes par face.<\/p>\n<p>&nbsp;<\/p>\n<p>&nbsp;<\/p>\n<h4><strong>Le 45 tours (45 RPM)<\/strong><\/h4>\n<p>Plus compact, le vinyle 45 tours mesure 7 pouces (environ 17,8 cm). Il est souvent utilis\u00e9 pour les singles et contient g\u00e9n\u00e9ralement un titre par face, pour une \u00e9coute rapide de 5 \u00e0 6 minutes.<\/p>\n<p>&nbsp;<\/p>\n<p>&nbsp;<\/p>\n<h4><strong>L&rsquo;EP (Extended Play)<\/strong><\/h4>\n<p>L\u2019EP se situe entre le single et l\u2019album complet. Il peut varier en taille et en vitesse, et contient g\u00e9n\u00e9ralement plusieurs titres, offrant ainsi une exp\u00e9rience d\u2019\u00e9coute diversifi\u00e9e sans atteindre la longueur d\u2019un LP.<\/p>\n<p>&nbsp;<\/p>\n<p>&nbsp;<\/p>\n<p><strong>Le 78 tours (78 RPM) ou 25cm ou 7 pouces<br \/>\n<\/strong><\/p>\n<p>V\u00e9ritable t\u00e9moin de l\u2019histoire du vinyle, ce format de 10 pouces (25 cm) \u00e9tait le standard avant les ann\u00e9es 1950. Avec une capacit\u00e9 plus restreinte, il n\u00e9cessite un mat\u00e9riel sp\u00e9cifique pour \u00eatre lu.<\/p>\n<p>&nbsp;<\/p>\n<p>&nbsp;<\/p>\n<p><strong>Conseils pour bien choisir son vinyle<\/strong><\/p>\n<p>La taille, la vitesse et la capacit\u00e9 d\u2019\u00e9coute d\u2019un disque vinyle sont intimement li\u00e9es. Avant de faire tourner vos morceaux pr\u00e9f\u00e9r\u00e9s, v\u00e9rifiez que votre platine est compatible avec le format choisi.<\/p>\n<p><a href=\"https:\/\/www.rockonwall.com\/wp-content\/uploads\/2025\/01\/Design-sans-titre-30.png\"><img loading=\"lazy\" decoding=\"async\" class=\"alignnone wp-image-50124\" src=\"https:\/\/www.rockonwall.com\/wp-content\/uploads\/2025\/01\/Design-sans-titre-30-300x200.png\" alt=\"\" width=\"737\" height=\"491\" srcset=\"https:\/\/www.rockonwall.com\/wp-content\/uploads\/2025\/01\/Design-sans-titre-30-300x200.png 300w, https:\/\/www.rockonwall.com\/wp-content\/uploads\/2025\/01\/Design-sans-titre-30-1024x683.png 1024w, https:\/\/www.rockonwall.com\/wp-content\/uploads\/2025\/01\/Design-sans-titre-30-768x512.png 768w, https:\/\/www.rockonwall.com\/wp-content\/uploads\/2025\/01\/Design-sans-titre-30-1536x1024.png 1536w, https:\/\/www.rockonwall.com\/wp-content\/uploads\/2025\/01\/Design-sans-titre-30-2048x1365.png 2048w, https:\/\/www.rockonwall.com\/wp-content\/uploads\/2025\/01\/Design-sans-titre-30-1280x853.png 1280w, https:\/\/www.rockonwall.com\/wp-content\/uploads\/2025\/01\/Design-sans-titre-30-500x333.png 500w\" sizes=\"auto, (max-width: 737px) 100vw, 737px\" \/><\/a><\/p>\n","protected":false},"excerpt":{"rendered":"<p>Les disques vinyles, existent en plusieurs formats. Chaque type se distingue par sa taille, sa vitesse de rotation et la quantit\u00e9 de musique qu\u2019il peut contenir. D\u00e9couvrons ensemble les formats les plus courants et leurs caract\u00e9ristiques. la RPM c&rsquo;est quoi ? RMP veut dire rotations par minutes. Donc c&rsquo;est le nombre de tours que fait votre disque par minute pour [&hellip;]<\/p>\n","protected":false},"author":4439,"featured_media":0,"parent":0,"menu_order":0,"comment_status":"closed","ping_status":"closed","template":"","meta":{"_acf_changed":false,"content-type":"","footnotes":""},"class_list":["post-50109","page","type-page","status-publish","hentry"],"acf":[],"_links":{"self":[{"href":"https:\/\/www.rockonwall.com\/fr\/wp-json\/wp\/v2\/pages\/50109","targetHints":{"allow":["GET"]}}],"collection":[{"href":"https:\/\/www.rockonwall.com\/fr\/wp-json\/wp\/v2\/pages"}],"about":[{"href":"https:\/\/www.rockonwall.com\/fr\/wp-json\/wp\/v2\/types\/page"}],"author":[{"embeddable":true,"href":"https:\/\/www.rockonwall.com\/fr\/wp-json\/wp\/v2\/users\/4439"}],"replies":[{"embeddable":true,"href":"https:\/\/www.rockonwall.com\/fr\/wp-json\/wp\/v2\/comments?post=50109"}],"version-history":[{"count":9,"href":"https:\/\/www.rockonwall.com\/fr\/wp-json\/wp\/v2\/pages\/50109\/revisions"}],"predecessor-version":[{"id":53669,"href":"https:\/\/www.rockonwall.com\/fr\/wp-json\/wp\/v2\/pages\/50109\/revisions\/53669"}],"wp:attachment":[{"href":"https:\/\/www.rockonwall.com\/fr\/wp-json\/wp\/v2\/media?parent=50109"}],"curies":[{"name":"wp","href":"https:\/\/api.w.org\/{rel}","templated":true}]}}