{"id":9886,"date":"2013-06-06T10:25:40","date_gmt":"2013-06-06T09:25:40","guid":{"rendered":"http:\/\/neighborhood.swiftideas.net\/?page_id=9886"},"modified":"2022-02-16T09:21:03","modified_gmt":"2022-02-16T08:21:03","slug":"paiements-securises","status":"publish","type":"page","link":"https:\/\/www.rockonwall.com\/fr\/paiements-securises\/","title":{"rendered":"Paiements s\u00e9curis\u00e9s"},"content":{"rendered":"[spb_text_block title=\u00a0\u00bbPaiement par Paypal\u00a0\u00bb pb_margin_bottom=\u00a0\u00bbno\u00a0\u00bb pb_border_bottom=\u00a0\u00bbno\u00a0\u00bb width=\u00a0\u00bb1\/2&Prime; el_position=\u00a0\u00bbfirst\u00a0\u00bb]\n<p style=\"text-align: justify;\">Une adresse mail et votre mot de passe Paypal : voici la mani\u00e8re la plus simple de payer en ligne en toute s\u00e9curit\u00e9 et sans communiquer vos informations financi\u00e8res.<\/p>\n[\/spb_text_block] [spb_text_block title=\u00a0\u00bbPaiement par carte bancaire\u00a0\u00bb pb_margin_bottom=\u00a0\u00bbno\u00a0\u00bb pb_border_bottom=\u00a0\u00bbno\u00a0\u00bb width=\u00a0\u00bb1\/2&Prime; el_position=\u00a0\u00bblast\u00a0\u00bb]\n<p style=\"text-align: justify;\">Vous serez redirig\u00e9 vers l\u2019environnement de paiement Paypal mais vous n\u2019aurez pas besoin d\u2019ouvrir un compte.<br \/>\nCartes accept\u00e9es : CB, Visa, Mastercard.<\/p>\n[\/spb_text_block]\n","protected":false},"excerpt":{"rendered":"<p>[spb_text_block title=\u00a0\u00bbPaiement par Paypal\u00a0\u00bb pb_margin_bottom=\u00a0\u00bbno\u00a0\u00bb pb_border_bottom=\u00a0\u00bbno\u00a0\u00bb width=\u00a0\u00bb1\/2&Prime; el_position=\u00a0\u00bbfirst\u00a0\u00bb] Une adresse mail et votre mot de passe Paypal : voici la mani\u00e8re la plus simple de payer en ligne en toute s\u00e9curit\u00e9 et sans communiquer vos informations financi\u00e8res. [\/spb_text_block] [spb_text_block title=\u00a0\u00bbPaiement par carte bancaire\u00a0\u00bb pb_margin_bottom=\u00a0\u00bbno\u00a0\u00bb pb_border_bottom=\u00a0\u00bbno\u00a0\u00bb width=\u00a0\u00bb1\/2&Prime; el_position=\u00a0\u00bblast\u00a0\u00bb] Vous serez redirig\u00e9 vers l\u2019environnement de paiement Paypal mais vous n\u2019aurez pas besoin [&hellip;]<\/p>\n","protected":false},"author":1,"featured_media":0,"parent":0,"menu_order":0,"comment_status":"open","ping_status":"closed","template":"","meta":{"_acf_changed":false,"content-type":"","footnotes":""},"class_list":["post-9886","page","type-page","status-publish","hentry"],"acf":[],"_links":{"self":[{"href":"https:\/\/www.rockonwall.com\/fr\/wp-json\/wp\/v2\/pages\/9886","targetHints":{"allow":["GET"]}}],"collection":[{"href":"https:\/\/www.rockonwall.com\/fr\/wp-json\/wp\/v2\/pages"}],"about":[{"href":"https:\/\/www.rockonwall.com\/fr\/wp-json\/wp\/v2\/types\/page"}],"author":[{"embeddable":true,"href":"https:\/\/www.rockonwall.com\/fr\/wp-json\/wp\/v2\/users\/1"}],"replies":[{"embeddable":true,"href":"https:\/\/www.rockonwall.com\/fr\/wp-json\/wp\/v2\/comments?post=9886"}],"version-history":[{"count":2,"href":"https:\/\/www.rockonwall.com\/fr\/wp-json\/wp\/v2\/pages\/9886\/revisions"}],"predecessor-version":[{"id":45202,"href":"https:\/\/www.rockonwall.com\/fr\/wp-json\/wp\/v2\/pages\/9886\/revisions\/45202"}],"wp:attachment":[{"href":"https:\/\/www.rockonwall.com\/fr\/wp-json\/wp\/v2\/media?parent=9886"}],"curies":[{"name":"wp","href":"https:\/\/api.w.org\/{rel}","templated":true}]}}