{"id":15070,"date":"2014-01-30T19:12:52","date_gmt":"2014-01-30T18:12:52","guid":{"rendered":"http:\/\/www.rockonwall.com\/fr\/produit\/uncategorized\/brosse-anti-statique\/"},"modified":"2024-11-06T11:48:44","modified_gmt":"2024-11-06T10:48:44","slug":"brosse-anti-statique","status":"publish","type":"product","link":"https:\/\/www.rockonwall.com\/fr\/produit\/accessoires-vinyles\/entretien-vinyle\/brosse-anti-statique\/","title":{"rendered":"Brosse Anti-Statique pour disque vinyle"},"content":{"rendered":"<p style=\"text-align: justify;\">Brosse Anti-Statique en fibre de carbone ultra-fine permettant le d\u00e9poussi\u00e9rage de la surface\u00a0du <strong>disque vinyle<\/strong>, le d\u00e9chargement de l&rsquo;\u00e9lectricit\u00e9 statique provoqu\u00e9e par le frottement et la r\u00e9duction de la distorsion due \u00e0 la friction entre la t\u00eate de lecture et le sillon.<\/p>\n","protected":false},"excerpt":{"rendered":"<p>Brosse Anti-Statique en fibre de carbone ultra-fine permettant le d\u00e9poussi\u00e9rage de la surface\u00a0du disque vinyle, le d\u00e9chargement de l&rsquo;\u00e9lectricit\u00e9 statique provoqu\u00e9e par le frottement et la r\u00e9duction de la distorsion due \u00e0 la friction entre la t\u00eate de lecture et le sillon.<\/p>\n","protected":false},"featured_media":44356,"template":"","meta":{"_acf_changed":false,"content-type":""},"product_brand":[],"product_cat":[535],"product_tag":[933,625,932,623],"class_list":{"0":"post-15070","1":"product","2":"type-product","3":"status-publish","4":"has-post-thumbnail","6":"product_cat-entretien-vinyle","7":"product_tag-brosse","8":"product_tag-disque","9":"product_tag-nettoyant","10":"product_tag-vinyle","12":"first","13":"instock","14":"taxable","15":"shipping-taxable","16":"purchasable","17":"product-type-simple"},"acf":[],"_links":{"self":[{"href":"https:\/\/www.rockonwall.com\/fr\/wp-json\/wp\/v2\/product\/15070","targetHints":{"allow":["GET"]}}],"collection":[{"href":"https:\/\/www.rockonwall.com\/fr\/wp-json\/wp\/v2\/product"}],"about":[{"href":"https:\/\/www.rockonwall.com\/fr\/wp-json\/wp\/v2\/types\/product"}],"wp:featuredmedia":[{"embeddable":true,"href":"https:\/\/www.rockonwall.com\/fr\/wp-json\/wp\/v2\/media\/44356"}],"wp:attachment":[{"href":"https:\/\/www.rockonwall.com\/fr\/wp-json\/wp\/v2\/media?parent=15070"}],"wp:term":[{"taxonomy":"product_brand","embeddable":true,"href":"https:\/\/www.rockonwall.com\/fr\/wp-json\/wp\/v2\/product_brand?post=15070"},{"taxonomy":"product_cat","embeddable":true,"href":"https:\/\/www.rockonwall.com\/fr\/wp-json\/wp\/v2\/product_cat?post=15070"},{"taxonomy":"product_tag","embeddable":true,"href":"https:\/\/www.rockonwall.com\/fr\/wp-json\/wp\/v2\/product_tag?post=15070"}],"curies":[{"name":"wp","href":"https:\/\/api.w.org\/{rel}","templated":true}]}}