{"id":22250,"date":"2015-09-28T17:24:05","date_gmt":"2015-09-28T16:24:05","guid":{"rendered":"http:\/\/www.rockonwall.com\/?post_type=product&#038;p=22250"},"modified":"2026-03-27T11:10:25","modified_gmt":"2026-03-27T10:10:25","slug":"cadre-argent-pour-disque-vinyle","status":"publish","type":"product","link":"https:\/\/www.rockonwall.com\/fr\/produit\/cadres-disques-vinyles\/cadre-argent-pour-disque-vinyle\/","title":{"rendered":"Cadre pour disque vinyle 33T \u00ab\u00a04-point Body Armor\u00ae\u00a0\u00bb couleur Argent"},"content":{"rendered":"<p style=\"text-align: justify;\">Cadre en ABS inject\u00e9 permettant, en un seul geste et sans d\u00e9montage, la mise en sc\u00e8ne de vos\u00a0<strong>disques vinyles<\/strong>\u00a0pr\u00e9f\u00e9r\u00e9s. Grace au syst\u00e8me brevet\u00e9 Easy Frame\u00ae, le\u00a0<strong>disque vinyle<\/strong>\u00a0reste disponible pour l&rsquo;\u00e9coute et peut \u00eatre chang\u00e9 \u00e0 tout moment en quelques secondes.<\/p>\n","protected":false},"excerpt":{"rendered":"<p>Cadre en ABS inject\u00e9 permettant, en un seul geste et sans d\u00e9montage, la mise en sc\u00e8ne de vos\u00a0disques vinyles\u00a0pr\u00e9f\u00e9r\u00e9s. Grace au syst\u00e8me brevet\u00e9 Easy Frame\u00ae, le\u00a0disque vinyle\u00a0reste disponible pour l&rsquo;\u00e9coute et peut \u00eatre chang\u00e9 \u00e0 tout moment en quelques secondes.<\/p>\n","protected":false},"featured_media":53541,"template":"","meta":{"_acf_changed":false,"content-type":""},"product_brand":[],"product_cat":[599],"product_tag":[1570],"class_list":{"0":"post-22250","1":"product","2":"type-product","3":"status-publish","4":"has-post-thumbnail","6":"product_cat-cadres-disques-vinyles","7":"product_tag-cadre-vinyle","8":"pa_hauteur-38-cm","9":"pa_largeur-38-cm","11":"first","12":"instock","13":"taxable","14":"shipping-taxable","15":"purchasable","16":"product-type-simple"},"acf":[],"_links":{"self":[{"href":"https:\/\/www.rockonwall.com\/fr\/wp-json\/wp\/v2\/product\/22250","targetHints":{"allow":["GET"]}}],"collection":[{"href":"https:\/\/www.rockonwall.com\/fr\/wp-json\/wp\/v2\/product"}],"about":[{"href":"https:\/\/www.rockonwall.com\/fr\/wp-json\/wp\/v2\/types\/product"}],"wp:featuredmedia":[{"embeddable":true,"href":"https:\/\/www.rockonwall.com\/fr\/wp-json\/wp\/v2\/media\/53541"}],"wp:attachment":[{"href":"https:\/\/www.rockonwall.com\/fr\/wp-json\/wp\/v2\/media?parent=22250"}],"wp:term":[{"taxonomy":"product_brand","embeddable":true,"href":"https:\/\/www.rockonwall.com\/fr\/wp-json\/wp\/v2\/product_brand?post=22250"},{"taxonomy":"product_cat","embeddable":true,"href":"https:\/\/www.rockonwall.com\/fr\/wp-json\/wp\/v2\/product_cat?post=22250"},{"taxonomy":"product_tag","embeddable":true,"href":"https:\/\/www.rockonwall.com\/fr\/wp-json\/wp\/v2\/product_tag?post=22250"}],"curies":[{"name":"wp","href":"https:\/\/api.w.org\/{rel}","templated":true}]}}