{"id":43044,"date":"2019-12-04T16:20:24","date_gmt":"2019-12-04T15:20:24","guid":{"rendered":"https:\/\/www.rockonwall.com\/?post_type=product&#038;p=43044"},"modified":"2024-06-19T10:14:00","modified_gmt":"2024-06-19T09:14:00","slug":"nettoyant-naturel-pour-disques-vinyles-100ml","status":"publish","type":"product","link":"https:\/\/www.rockonwall.com\/fr\/produit\/accessoires-vinyles\/entretien-vinyle\/nettoyant-naturel-pour-disques-vinyles-100ml\/","title":{"rendered":"Nettoyant naturel disques vinyles 100ml en spray"},"content":{"rendered":"<p style=\"text-align: justify;\">Liquide de nettoyage avec agents bio et naturels pour <strong>disques vinyles<\/strong> \u00e0 appliquer \u00e0 l&rsquo;aide d&rsquo;un chiffon ou d&rsquo;un tampon velours.<\/p>\n<p style=\"text-align: justify;\">Cette solution de nettoyage alcoolis\u00e9e (&lt;10%) permet le d\u00e9poussi\u00e9rage\/d\u00e9graissage en profondeur des<strong> disques vinyles 33T<\/strong>, r\u00e9duisant ainsi les craquements parasites et la distorsion li\u00e9e \u00e0 la friction entre la t\u00eate de lecture et le sillon.<\/p>\n<p style=\"text-align: justify;\">Pr\u00e8s de 400 utilisations avec ce flacon en aluminium recyclable \u00e0 l&rsquo;infini de 100ml.<\/p>\n","protected":false},"excerpt":{"rendered":"<p>Liquide de nettoyage avec agents bio et naturels pour disques vinyles \u00e0 appliquer \u00e0 l&rsquo;aide d&rsquo;un chiffon ou d&rsquo;un tampon velours. Cette solution de nettoyage alcoolis\u00e9e (&lt;10%) permet le d\u00e9poussi\u00e9rage\/d\u00e9graissage en profondeur des disques vinyles 33T, r\u00e9duisant ainsi les craquements parasites et la distorsion li\u00e9e \u00e0 la friction entre la t\u00eate de lecture et le sillon. Pr\u00e8s de 400 utilisations [&hellip;]<\/p>\n","protected":false},"featured_media":44318,"template":"","meta":{"_acf_changed":false,"content-type":""},"product_brand":[],"product_cat":[535],"product_tag":[625,932,623],"class_list":{"0":"post-43044","1":"product","2":"type-product","3":"status-publish","4":"has-post-thumbnail","6":"product_cat-entretien-vinyle","7":"product_tag-disque","8":"product_tag-nettoyant","9":"product_tag-vinyle","11":"first","12":"instock","13":"taxable","14":"shipping-taxable","15":"purchasable","16":"product-type-simple"},"acf":[],"_links":{"self":[{"href":"https:\/\/www.rockonwall.com\/fr\/wp-json\/wp\/v2\/product\/43044","targetHints":{"allow":["GET"]}}],"collection":[{"href":"https:\/\/www.rockonwall.com\/fr\/wp-json\/wp\/v2\/product"}],"about":[{"href":"https:\/\/www.rockonwall.com\/fr\/wp-json\/wp\/v2\/types\/product"}],"wp:featuredmedia":[{"embeddable":true,"href":"https:\/\/www.rockonwall.com\/fr\/wp-json\/wp\/v2\/media\/44318"}],"wp:attachment":[{"href":"https:\/\/www.rockonwall.com\/fr\/wp-json\/wp\/v2\/media?parent=43044"}],"wp:term":[{"taxonomy":"product_brand","embeddable":true,"href":"https:\/\/www.rockonwall.com\/fr\/wp-json\/wp\/v2\/product_brand?post=43044"},{"taxonomy":"product_cat","embeddable":true,"href":"https:\/\/www.rockonwall.com\/fr\/wp-json\/wp\/v2\/product_cat?post=43044"},{"taxonomy":"product_tag","embeddable":true,"href":"https:\/\/www.rockonwall.com\/fr\/wp-json\/wp\/v2\/product_tag?post=43044"}],"curies":[{"name":"wp","href":"https:\/\/api.w.org\/{rel}","templated":true}]}}