{"id":44417,"date":"2021-04-02T08:52:04","date_gmt":"2021-04-02T07:52:04","guid":{"rendered":"https:\/\/www.rockonwall.com\/?post_type=product&#038;p=44417"},"modified":"2024-02-21T11:51:01","modified_gmt":"2024-02-21T10:51:01","slug":"lot-de-4-separateurs-bois-avec-planche-de-lettres-autocollantes","status":"publish","type":"product","link":"https:\/\/www.rockonwall.com\/fr\/produit\/accessoires-vinyles\/rangement-vinyle\/lot-de-4-separateurs-bois-avec-planche-de-lettres-autocollantes\/","title":{"rendered":"Lot de 4 s\u00e9parateurs bois avec planche de lettres autocollantes"},"content":{"rendered":"<p>Lot de 4 s\u00e9parateurs en contreplaqu\u00e9 peuplier de 4mm, livr\u00e9 avec une planche de lettres autocollantes \u00e0 d\u00e9couper, pour le classement de votre collection de\u00a0<strong>disques vinyles<\/strong>33T. Grace aux lettres autocollantes, organisez votre collection comme bon vous semble en regroupant vos\u00a0<strong>disques vinyles<\/strong>\u00a0par une ou plusieurs lettres. Les onglets permettent une visibilit\u00e9 maximum du classement, facilitant grandement la recherche d\u2019un\u00a0<strong>disque vinyle<\/strong>\u00a0particulier.\u00a0Convient pour un classement vertical ou horizontal.<\/p>\n","protected":false},"excerpt":{"rendered":"<p>Lot de 4 s\u00e9parateurs en contreplaqu\u00e9 peuplier de 4mm, livr\u00e9 avec une planche de lettres autocollantes \u00e0 d\u00e9couper, pour le classement de votre collection de\u00a0disques vinyles33T. Grace aux lettres autocollantes, organisez votre collection comme bon vous semble en regroupant vos\u00a0disques vinyles\u00a0par une ou plusieurs lettres. Les onglets permettent une visibilit\u00e9 maximum du classement, facilitant grandement la recherche d\u2019un\u00a0disque vinyle\u00a0particulier.\u00a0Convient pour [&hellip;]<\/p>\n","protected":false},"featured_media":45417,"template":"","meta":{"_acf_changed":false,"content-type":""},"product_brand":[],"product_cat":[536],"product_tag":[],"class_list":{"0":"post-44417","1":"product","2":"type-product","3":"status-publish","4":"has-post-thumbnail","6":"product_cat-rangement-vinyle","7":"pa_hauteur-35-5","8":"pa_largeur-29-8","10":"first","11":"instock","12":"taxable","13":"shipping-taxable","14":"purchasable","15":"product-type-simple"},"acf":[],"_links":{"self":[{"href":"https:\/\/www.rockonwall.com\/fr\/wp-json\/wp\/v2\/product\/44417","targetHints":{"allow":["GET"]}}],"collection":[{"href":"https:\/\/www.rockonwall.com\/fr\/wp-json\/wp\/v2\/product"}],"about":[{"href":"https:\/\/www.rockonwall.com\/fr\/wp-json\/wp\/v2\/types\/product"}],"wp:featuredmedia":[{"embeddable":true,"href":"https:\/\/www.rockonwall.com\/fr\/wp-json\/wp\/v2\/media\/45417"}],"wp:attachment":[{"href":"https:\/\/www.rockonwall.com\/fr\/wp-json\/wp\/v2\/media?parent=44417"}],"wp:term":[{"taxonomy":"product_brand","embeddable":true,"href":"https:\/\/www.rockonwall.com\/fr\/wp-json\/wp\/v2\/product_brand?post=44417"},{"taxonomy":"product_cat","embeddable":true,"href":"https:\/\/www.rockonwall.com\/fr\/wp-json\/wp\/v2\/product_cat?post=44417"},{"taxonomy":"product_tag","embeddable":true,"href":"https:\/\/www.rockonwall.com\/fr\/wp-json\/wp\/v2\/product_tag?post=44417"}],"curies":[{"name":"wp","href":"https:\/\/api.w.org\/{rel}","templated":true}]}}