{"id":44863,"date":"2021-11-04T15:38:51","date_gmt":"2021-11-04T14:38:51","guid":{"rendered":"https:\/\/www.rockonwall.com\/?post_type=product&#038;p=44863"},"modified":"2024-05-23T16:24:57","modified_gmt":"2024-05-23T15:24:57","slug":"besace-20-lp-noire-disque-vinyle-33t","status":"publish","type":"product","link":"https:\/\/www.rockonwall.com\/fr\/produit\/accessoires-vinyles\/rangement-vinyle\/besace-20-lp-noire-disque-vinyle-33t\/","title":{"rendered":"Besace 33T LP Noir &#8211; Sacoche de Transport pour Disque Vinyle"},"content":{"rendered":"<p style=\"text-align: justify;\">Sac \u00e0 bandouli\u00e8re pour <strong>20 disques vinyles 33T<\/strong> : en nylon bord\u00e9 d\u2019un galon de renfort et doubl\u00e9 de mousse, il prot\u00e8ge vos disques vinyles lors de vos d\u00e9placements et se porte confortablement gr\u00e2ce \u00e0 sa large sangle et son patin d\u2019\u00e9paule.<\/p>\n<p style=\"text-align: justify;\">Muni de poches \u00e0 l\u2019avant et sur le c\u00f4t\u00e9 pour les accessoires, il est s\u00e9curis\u00e9 par une fermeture velcro et dispose d\u2019une doublure fluo pour une meilleure visibilit\u00e9 du contenu.<\/p>\n","protected":false},"excerpt":{"rendered":"<p>Sac \u00e0 bandouli\u00e8re pour 20 disques vinyles 33T : en nylon bord\u00e9 d\u2019un galon de renfort et doubl\u00e9 de mousse, il prot\u00e8ge vos disques vinyles lors de vos d\u00e9placements et se porte confortablement gr\u00e2ce \u00e0 sa large sangle et son patin d\u2019\u00e9paule. Muni de poches \u00e0 l\u2019avant et sur le c\u00f4t\u00e9 pour les accessoires, il est s\u00e9curis\u00e9 par une fermeture [&hellip;]<\/p>\n","protected":false},"featured_media":44865,"template":"","meta":{"_acf_changed":false,"content-type":""},"product_brand":[],"product_cat":[536],"product_tag":[],"class_list":{"0":"post-44863","1":"product","2":"type-product","3":"status-publish","4":"has-post-thumbnail","6":"product_cat-rangement-vinyle","7":"pa_hauteur-36-cm","8":"pa_largeur-34-cm","10":"first","11":"instock","12":"taxable","13":"shipping-taxable","14":"purchasable","15":"product-type-simple"},"acf":[],"_links":{"self":[{"href":"https:\/\/www.rockonwall.com\/fr\/wp-json\/wp\/v2\/product\/44863","targetHints":{"allow":["GET"]}}],"collection":[{"href":"https:\/\/www.rockonwall.com\/fr\/wp-json\/wp\/v2\/product"}],"about":[{"href":"https:\/\/www.rockonwall.com\/fr\/wp-json\/wp\/v2\/types\/product"}],"wp:featuredmedia":[{"embeddable":true,"href":"https:\/\/www.rockonwall.com\/fr\/wp-json\/wp\/v2\/media\/44865"}],"wp:attachment":[{"href":"https:\/\/www.rockonwall.com\/fr\/wp-json\/wp\/v2\/media?parent=44863"}],"wp:term":[{"taxonomy":"product_brand","embeddable":true,"href":"https:\/\/www.rockonwall.com\/fr\/wp-json\/wp\/v2\/product_brand?post=44863"},{"taxonomy":"product_cat","embeddable":true,"href":"https:\/\/www.rockonwall.com\/fr\/wp-json\/wp\/v2\/product_cat?post=44863"},{"taxonomy":"product_tag","embeddable":true,"href":"https:\/\/www.rockonwall.com\/fr\/wp-json\/wp\/v2\/product_tag?post=44863"}],"curies":[{"name":"wp","href":"https:\/\/api.w.org\/{rel}","templated":true}]}}