{"id":45774,"date":"2022-12-16T14:02:07","date_gmt":"2022-12-16T13:02:07","guid":{"rendered":"https:\/\/www.rockonwall.com\/?post_type=product&#038;p=45774"},"modified":"2024-06-26T10:46:27","modified_gmt":"2024-06-26T09:46:27","slug":"nettoyant-tete-de-lecture-50ml-fr","status":"publish","type":"product","link":"https:\/\/www.rockonwall.com\/fr\/produit\/accessoires-vinyles\/entretien-vinyle\/nettoyant-tete-de-lecture-50ml-fr\/","title":{"rendered":"Nettoyant t\u00eate de lecture Disque vinyle &#8211; 50ml"},"content":{"rendered":"<p style=\"text-align: justify;\">Nettoyant pour t\u00eate de lecture de <strong>platine vinyle <\/strong>origine France, fourni avec sa brosse \u00ab\u00a0mascara\u00a0\u00bb, permettant le nettoyage et la lubrification de la t\u00eate de lecture afin de limiter les distorsions du son et de prolonger la dur\u00e9e de vie du diamant. Solution compos\u00e9e de 99,3% de produit naturel (10 \u00e0 15% d&rsquo;alcool d&rsquo;origine v\u00e9g\u00e9tale). Il est recommand\u00e9 de nettoyer le diamant de votre <strong>platine vinyle<\/strong> toutes les 50 \u00e9coutes environ.<\/p>\n","protected":false},"excerpt":{"rendered":"<p>Nettoyant pour t\u00eate de lecture de platine vinyle origine France, fourni avec sa brosse \u00ab\u00a0mascara\u00a0\u00bb, permettant le nettoyage et la lubrification de la t\u00eate de lecture afin de limiter les distorsions du son et de prolonger la dur\u00e9e de vie du diamant. Solution compos\u00e9e de 99,3% de produit naturel (10 \u00e0 15% d&rsquo;alcool d&rsquo;origine v\u00e9g\u00e9tale). Il est recommand\u00e9 de nettoyer [&hellip;]<\/p>\n","protected":false},"featured_media":47976,"template":"","meta":{"_acf_changed":false,"content-type":""},"product_brand":[],"product_cat":[535],"product_tag":[],"class_list":{"0":"post-45774","1":"product","2":"type-product","3":"status-publish","4":"has-post-thumbnail","6":"product_cat-entretien-vinyle","8":"first","9":"instock","10":"taxable","11":"shipping-taxable","12":"purchasable","13":"product-type-simple"},"acf":[],"_links":{"self":[{"href":"https:\/\/www.rockonwall.com\/fr\/wp-json\/wp\/v2\/product\/45774","targetHints":{"allow":["GET"]}}],"collection":[{"href":"https:\/\/www.rockonwall.com\/fr\/wp-json\/wp\/v2\/product"}],"about":[{"href":"https:\/\/www.rockonwall.com\/fr\/wp-json\/wp\/v2\/types\/product"}],"wp:featuredmedia":[{"embeddable":true,"href":"https:\/\/www.rockonwall.com\/fr\/wp-json\/wp\/v2\/media\/47976"}],"wp:attachment":[{"href":"https:\/\/www.rockonwall.com\/fr\/wp-json\/wp\/v2\/media?parent=45774"}],"wp:term":[{"taxonomy":"product_brand","embeddable":true,"href":"https:\/\/www.rockonwall.com\/fr\/wp-json\/wp\/v2\/product_brand?post=45774"},{"taxonomy":"product_cat","embeddable":true,"href":"https:\/\/www.rockonwall.com\/fr\/wp-json\/wp\/v2\/product_cat?post=45774"},{"taxonomy":"product_tag","embeddable":true,"href":"https:\/\/www.rockonwall.com\/fr\/wp-json\/wp\/v2\/product_tag?post=45774"}],"curies":[{"name":"wp","href":"https:\/\/api.w.org\/{rel}","templated":true}]}}