{"id":46413,"date":"2024-02-13T13:33:31","date_gmt":"2024-02-13T12:33:31","guid":{"rendered":"https:\/\/www.rockonwall.com\/?post_type=product&#038;p=46413"},"modified":"2026-04-02T13:21:37","modified_gmt":"2026-04-02T12:21:37","slug":"pochettes-souples-pour-disque-vinyle-33t-lot-de-25","status":"publish","type":"product","link":"https:\/\/www.rockonwall.com\/fr\/produit\/protection-vinyle\/pochettes-souples-pour-disque-vinyle-33t-lot-de-25\/","title":{"rendered":"Pochette souple en poly\u00e9thyl\u00e8ne recycl\u00e9, pour disque vinyle 33T &#8211; lot de 25 &#8211; Broch\u00e9es"},"content":{"rendered":"<p>D\u00e9couvrez notre pack de 25 pochettes souples en poly\u00e9thyl\u00e8ne recycl\u00e9 et recyclable de qualit\u00e9 sup\u00e9rieure, 80 microns pour pr\u00e9server vos pr\u00e9cieux disques vinyles 33 tours.<\/p>\n<p>Prot\u00e9gez votre collection musicale pr\u00e9f\u00e9r\u00e9e avec nos pochettes ! Garantie contre poussi\u00e8re, humidit\u00e9 et frottements.<\/p>\n<p>&nbsp;<\/p>\n<p>Une solution \u00e9l\u00e9gante pour pr\u00e9server vos vinyles !<\/p>\n","protected":false},"excerpt":{"rendered":"<p>D\u00e9couvrez notre pack de 25 pochettes souples en poly\u00e9thyl\u00e8ne recycl\u00e9 et recyclable de qualit\u00e9 sup\u00e9rieure, 80 microns pour pr\u00e9server vos pr\u00e9cieux disques vinyles 33 tours. Prot\u00e9gez votre collection musicale pr\u00e9f\u00e9r\u00e9e avec nos pochettes ! Garantie contre poussi\u00e8re, humidit\u00e9 et frottements. &nbsp; Une solution \u00e9l\u00e9gante pour pr\u00e9server vos vinyles !<\/p>\n","protected":false},"featured_media":50289,"template":"","meta":{"_acf_changed":false,"content-type":""},"product_brand":[],"product_cat":[621],"product_tag":[],"class_list":{"0":"post-46413","1":"product","2":"type-product","3":"status-publish","4":"has-post-thumbnail","6":"product_cat-protection-vinyle","8":"first","9":"instock","10":"taxable","11":"shipping-taxable","12":"purchasable","13":"product-type-simple"},"acf":[],"_links":{"self":[{"href":"https:\/\/www.rockonwall.com\/fr\/wp-json\/wp\/v2\/product\/46413","targetHints":{"allow":["GET"]}}],"collection":[{"href":"https:\/\/www.rockonwall.com\/fr\/wp-json\/wp\/v2\/product"}],"about":[{"href":"https:\/\/www.rockonwall.com\/fr\/wp-json\/wp\/v2\/types\/product"}],"wp:featuredmedia":[{"embeddable":true,"href":"https:\/\/www.rockonwall.com\/fr\/wp-json\/wp\/v2\/media\/50289"}],"wp:attachment":[{"href":"https:\/\/www.rockonwall.com\/fr\/wp-json\/wp\/v2\/media?parent=46413"}],"wp:term":[{"taxonomy":"product_brand","embeddable":true,"href":"https:\/\/www.rockonwall.com\/fr\/wp-json\/wp\/v2\/product_brand?post=46413"},{"taxonomy":"product_cat","embeddable":true,"href":"https:\/\/www.rockonwall.com\/fr\/wp-json\/wp\/v2\/product_cat?post=46413"},{"taxonomy":"product_tag","embeddable":true,"href":"https:\/\/www.rockonwall.com\/fr\/wp-json\/wp\/v2\/product_tag?post=46413"}],"curies":[{"name":"wp","href":"https:\/\/api.w.org\/{rel}","templated":true}]}}