{"id":46557,"date":"2024-02-26T11:08:50","date_gmt":"2024-02-26T10:08:50","guid":{"rendered":"https:\/\/www.rockonwall.com\/?post_type=product&#038;p=46557"},"modified":"2026-02-02T12:18:29","modified_gmt":"2026-02-02T11:18:29","slug":"flight-case-disque-vinyles-45t-en-simili-cuir-brown","status":"publish","type":"product","link":"https:\/\/www.rockonwall.com\/fr\/produit\/accessoires-vinyles\/rangement-vinyle\/flight-case-disque-vinyles-45t-en-simili-cuir-brown\/","title":{"rendered":"Flight Case pour disque vinyles 45T brown"},"content":{"rendered":"<p>Une flight case qui pr\u00e9sente une finition simili cuir \u00e0 l&rsquo;ext\u00e9rieur ainsi qu&rsquo;un int\u00e9rieur en velours noir, \u00e9voquant un charme r\u00e9tro tr\u00e8s appr\u00e9ci\u00e9. Sa solidit\u00e9 notable \u00e9vite toute d\u00e9formation sous le poids des disques,\u00a0 tandis que la taille ergonomique de la poign\u00e9e assure une prise en main confortable.<\/p>\n","protected":false},"excerpt":{"rendered":"<p>Une flight case qui pr\u00e9sente une finition simili cuir \u00e0 l&rsquo;ext\u00e9rieur ainsi qu&rsquo;un int\u00e9rieur en velours noir, \u00e9voquant un charme r\u00e9tro tr\u00e8s appr\u00e9ci\u00e9. Sa solidit\u00e9 notable \u00e9vite toute d\u00e9formation sous le poids des disques,\u00a0 tandis que la taille ergonomique de la poign\u00e9e assure une prise en main confortable.<\/p>\n","protected":false},"featured_media":47260,"template":"","meta":{"_acf_changed":false,"content-type":""},"product_brand":[],"product_cat":[533,536],"product_tag":[],"class_list":{"0":"post-46557","1":"product","2":"type-product","3":"status-publish","4":"has-post-thumbnail","6":"product_cat-accessoires-vinyles","7":"product_cat-rangement-vinyle","9":"first","10":"instock","11":"featured","12":"taxable","13":"shipping-taxable","14":"purchasable","15":"product-type-simple"},"acf":[],"_links":{"self":[{"href":"https:\/\/www.rockonwall.com\/fr\/wp-json\/wp\/v2\/product\/46557","targetHints":{"allow":["GET"]}}],"collection":[{"href":"https:\/\/www.rockonwall.com\/fr\/wp-json\/wp\/v2\/product"}],"about":[{"href":"https:\/\/www.rockonwall.com\/fr\/wp-json\/wp\/v2\/types\/product"}],"wp:featuredmedia":[{"embeddable":true,"href":"https:\/\/www.rockonwall.com\/fr\/wp-json\/wp\/v2\/media\/47260"}],"wp:attachment":[{"href":"https:\/\/www.rockonwall.com\/fr\/wp-json\/wp\/v2\/media?parent=46557"}],"wp:term":[{"taxonomy":"product_brand","embeddable":true,"href":"https:\/\/www.rockonwall.com\/fr\/wp-json\/wp\/v2\/product_brand?post=46557"},{"taxonomy":"product_cat","embeddable":true,"href":"https:\/\/www.rockonwall.com\/fr\/wp-json\/wp\/v2\/product_cat?post=46557"},{"taxonomy":"product_tag","embeddable":true,"href":"https:\/\/www.rockonwall.com\/fr\/wp-json\/wp\/v2\/product_tag?post=46557"}],"curies":[{"name":"wp","href":"https:\/\/api.w.org\/{rel}","templated":true}]}}