{"id":46559,"date":"2024-02-26T11:36:11","date_gmt":"2024-02-26T10:36:11","guid":{"rendered":"https:\/\/www.rockonwall.com\/?post_type=product&#038;p=46559"},"modified":"2026-02-02T12:16:11","modified_gmt":"2026-02-02T11:16:11","slug":"flight-case-disque-vinyles-33t-en-simili-cuir","status":"publish","type":"product","link":"https:\/\/www.rockonwall.com\/fr\/produit\/accessoires-vinyles\/rangement-vinyle\/flight-case-disque-vinyles-33t-en-simili-cuir\/","title":{"rendered":"Flight Case disque vinyles 33T brown"},"content":{"rendered":"<p>Flight case Brown fa\u00e7on cuir \u00e0 fermeture frontale pour transporter et stocker jusqu&rsquo;\u00e0 30 disques vinyles 33T en toute s\u00e9curit\u00e9.<\/p>\n<p>Robuste et l\u00e9g\u00e8re la flight case Rock on Wall prot\u00e8ge vos vinyles pr\u00e9cieux sans souci.<\/p>\n","protected":false},"excerpt":{"rendered":"<p>Flight case Brown fa\u00e7on cuir \u00e0 fermeture frontale pour transporter et stocker jusqu&rsquo;\u00e0 30 disques vinyles 33T en toute s\u00e9curit\u00e9. Robuste et l\u00e9g\u00e8re la flight case Rock on Wall prot\u00e8ge vos vinyles pr\u00e9cieux sans souci.<\/p>\n","protected":false},"featured_media":47238,"template":"","meta":{"_acf_changed":false,"content-type":""},"product_brand":[],"product_cat":[533,536],"product_tag":[],"class_list":{"0":"post-46559","1":"product","2":"type-product","3":"status-publish","4":"has-post-thumbnail","6":"product_cat-accessoires-vinyles","7":"product_cat-rangement-vinyle","9":"first","10":"instock","11":"taxable","12":"shipping-taxable","13":"purchasable","14":"product-type-simple"},"acf":[],"_links":{"self":[{"href":"https:\/\/www.rockonwall.com\/fr\/wp-json\/wp\/v2\/product\/46559","targetHints":{"allow":["GET"]}}],"collection":[{"href":"https:\/\/www.rockonwall.com\/fr\/wp-json\/wp\/v2\/product"}],"about":[{"href":"https:\/\/www.rockonwall.com\/fr\/wp-json\/wp\/v2\/types\/product"}],"wp:featuredmedia":[{"embeddable":true,"href":"https:\/\/www.rockonwall.com\/fr\/wp-json\/wp\/v2\/media\/47238"}],"wp:attachment":[{"href":"https:\/\/www.rockonwall.com\/fr\/wp-json\/wp\/v2\/media?parent=46559"}],"wp:term":[{"taxonomy":"product_brand","embeddable":true,"href":"https:\/\/www.rockonwall.com\/fr\/wp-json\/wp\/v2\/product_brand?post=46559"},{"taxonomy":"product_cat","embeddable":true,"href":"https:\/\/www.rockonwall.com\/fr\/wp-json\/wp\/v2\/product_cat?post=46559"},{"taxonomy":"product_tag","embeddable":true,"href":"https:\/\/www.rockonwall.com\/fr\/wp-json\/wp\/v2\/product_tag?post=46559"}],"curies":[{"name":"wp","href":"https:\/\/api.w.org\/{rel}","templated":true}]}}