{"id":49581,"date":"2024-12-19T15:26:30","date_gmt":"2024-12-19T14:26:30","guid":{"rendered":"https:\/\/www.rockonwall.com\/?post_type=product&#038;p=49581"},"modified":"2026-04-02T13:19:16","modified_gmt":"2026-04-02T12:19:16","slug":"pochette-souple-en-polyethylene-pour-disque-vinyle-78t-lot-de-25-filmees","status":"publish","type":"product","link":"https:\/\/www.rockonwall.com\/fr\/produit\/protection-vinyle\/pochette-souple-en-polyethylene-pour-disque-vinyle-78t-lot-de-25-filmees\/","title":{"rendered":"pochette souple 10&Prime; &#8211; 25cm &#8211; 78T x 25 PE recycl\u00e9 &#8211; Film\u00e9es"},"content":{"rendered":"<p>25 pochettes souples en poly\u00e9thyl\u00e8ne , parfaites pour vos vinyles mini LP 78 tours.<\/p>\n<p>Prot\u00e9gez votre collection contre poussi\u00e8re, humidit\u00e9 et frottements.<\/p>\n<p>Une solution chic pour vos vinyles !<\/p>\n","protected":false},"excerpt":{"rendered":"<p>25 pochettes souples en poly\u00e9thyl\u00e8ne , parfaites pour vos vinyles mini LP 78 tours. Prot\u00e9gez votre collection contre poussi\u00e8re, humidit\u00e9 et frottements. Une solution chic pour vos vinyles !<\/p>\n","protected":false},"featured_media":50301,"template":"","meta":{"_acf_changed":false,"content-type":""},"product_brand":[],"product_cat":[621],"product_tag":[],"class_list":{"0":"post-49581","1":"product","2":"type-product","3":"status-publish","4":"has-post-thumbnail","6":"product_cat-protection-vinyle","8":"first","9":"onbackorder","10":"featured","11":"taxable","12":"shipping-taxable","13":"purchasable","14":"product-type-simple"},"acf":[],"_links":{"self":[{"href":"https:\/\/www.rockonwall.com\/fr\/wp-json\/wp\/v2\/product\/49581","targetHints":{"allow":["GET"]}}],"collection":[{"href":"https:\/\/www.rockonwall.com\/fr\/wp-json\/wp\/v2\/product"}],"about":[{"href":"https:\/\/www.rockonwall.com\/fr\/wp-json\/wp\/v2\/types\/product"}],"wp:featuredmedia":[{"embeddable":true,"href":"https:\/\/www.rockonwall.com\/fr\/wp-json\/wp\/v2\/media\/50301"}],"wp:attachment":[{"href":"https:\/\/www.rockonwall.com\/fr\/wp-json\/wp\/v2\/media?parent=49581"}],"wp:term":[{"taxonomy":"product_brand","embeddable":true,"href":"https:\/\/www.rockonwall.com\/fr\/wp-json\/wp\/v2\/product_brand?post=49581"},{"taxonomy":"product_cat","embeddable":true,"href":"https:\/\/www.rockonwall.com\/fr\/wp-json\/wp\/v2\/product_cat?post=49581"},{"taxonomy":"product_tag","embeddable":true,"href":"https:\/\/www.rockonwall.com\/fr\/wp-json\/wp\/v2\/product_tag?post=49581"}],"curies":[{"name":"wp","href":"https:\/\/api.w.org\/{rel}","templated":true}]}}