{"id":50480,"date":"2025-03-25T10:01:59","date_gmt":"2025-03-25T09:01:59","guid":{"rendered":"https:\/\/www.rockonwall.com\/?post_type=product&#038;p=50480"},"modified":"2026-03-30T14:52:35","modified_gmt":"2026-03-30T13:52:35","slug":"pochette-cartonnee-gatefold-blanche-double-vinyle-33t-lot-de-3","status":"publish","type":"product","link":"https:\/\/www.rockonwall.com\/fr\/produit\/protection-vinyle\/pochette-cartonnee-gatefold-blanche-double-vinyle-33t-lot-de-3\/","title":{"rendered":"Pochettes ext\u00e9rieures carton blanc Gatefold 33T x 3- Etui"},"content":{"rendered":"<p><strong data-start=\"312\" data-end=\"351\">Pochette cartonn\u00e9e Gatefold blanche<\/strong>, con\u00e7ue pour accueillir et pr\u00e9server vos vinyles 33T avec style et robustesse.<\/p>\n","protected":false},"excerpt":{"rendered":"<p>Pochette cartonn\u00e9e Gatefold blanche, con\u00e7ue pour accueillir et pr\u00e9server vos vinyles 33T avec style et robustesse.<\/p>\n","protected":false},"featured_media":52199,"template":"","meta":{"_acf_changed":false,"content-type":""},"product_brand":[],"product_cat":[2024,621],"product_tag":[],"class_list":{"0":"post-50480","1":"product","2":"type-product","3":"status-publish","4":"has-post-thumbnail","6":"product_cat-nouveautes","7":"product_cat-protection-vinyle","9":"first","10":"instock","11":"taxable","12":"shipping-taxable","13":"purchasable","14":"product-type-simple"},"acf":[],"_links":{"self":[{"href":"https:\/\/www.rockonwall.com\/fr\/wp-json\/wp\/v2\/product\/50480","targetHints":{"allow":["GET"]}}],"collection":[{"href":"https:\/\/www.rockonwall.com\/fr\/wp-json\/wp\/v2\/product"}],"about":[{"href":"https:\/\/www.rockonwall.com\/fr\/wp-json\/wp\/v2\/types\/product"}],"wp:featuredmedia":[{"embeddable":true,"href":"https:\/\/www.rockonwall.com\/fr\/wp-json\/wp\/v2\/media\/52199"}],"wp:attachment":[{"href":"https:\/\/www.rockonwall.com\/fr\/wp-json\/wp\/v2\/media?parent=50480"}],"wp:term":[{"taxonomy":"product_brand","embeddable":true,"href":"https:\/\/www.rockonwall.com\/fr\/wp-json\/wp\/v2\/product_brand?post=50480"},{"taxonomy":"product_cat","embeddable":true,"href":"https:\/\/www.rockonwall.com\/fr\/wp-json\/wp\/v2\/product_cat?post=50480"},{"taxonomy":"product_tag","embeddable":true,"href":"https:\/\/www.rockonwall.com\/fr\/wp-json\/wp\/v2\/product_tag?post=50480"}],"curies":[{"name":"wp","href":"https:\/\/api.w.org\/{rel}","templated":true}]}}